{"id":5397,"date":"2020-05-13T22:11:45","date_gmt":"2020-05-13T21:11:45","guid":{"rendered":"https:\/\/www.df-sfb.org.uk\/?page_id=5397"},"modified":"2020-05-13T22:14:29","modified_gmt":"2020-05-13T21:14:29","slug":"mentions-legales","status":"publish","type":"page","link":"https:\/\/www.df-sfb.org.uk\/fr\/mentions-legales\/","title":{"rendered":"Mentions l\u00e9gales"},"content":{"rendered":"<p class=\"p1\"><span class=\"s1\">Bienvenue sur le site du Dispensaire Fran\u00e7ais &#8211; Soci\u00e9t\u00e9 Fran\u00e7aise de Bienfaisance<\/span><\/p>\n<p class=\"p1\"><span class=\"s1\">Les pr\u00e9sentes conditions g\u00e9n\u00e9rales d\u00e9crivent les r\u00e8gles et r\u00e9glementations relatives \u00e0 l\u2019utilisation du site web du Dispensaire Fran\u00e7ais &#8211; Soci\u00e9t\u00e9 Fran\u00e7aise de Bienfaisance.<\/span><\/p>\n<p class=\"p1\"><span class=\"s1\">Le Dispensaire Fran\u00e7ais &#8211; Soci\u00e9t\u00e9 Fran\u00e7aise de Bienfaisance est situ\u00e9 \u00e0 :<\/span><\/p>\n<p class=\"p1\"><span class=\"s1\">184 Hammersmith Road, Londres W6 7DJ, Royaume-Uni<\/span><\/p>\n<p class=\"p1\"><span class=\"s1\">En acc\u00e9dant \u00e0 ce site web, nous supposons que vous acceptez ces termes et conditions dans leur int\u00e9gralit\u00e9. Ne continuez pas \u00e0 utiliser le site web du Dispensaire Fran\u00e7ais &#8211; Soci\u00e9t\u00e9 Fran\u00e7aise de Bienfaisance si vous n&rsquo;acceptez pas tous les termes et conditions \u00e9nonc\u00e9s sur cette page.<\/span><\/p>\n<p class=\"p1\"><span class=\"s1\">La terminologie suivante s&rsquo;applique aux pr\u00e9sentes conditions g\u00e9n\u00e9rales, \u00e0 la d\u00e9claration de confidentialit\u00e9 et \u00e0 la clause de non-responsabilit\u00e9, ainsi qu&rsquo;\u00e0 tous les contrats : \u00ab\u00a0Client\u00a0\u00bb, \u00ab\u00a0Vous\u00a0\u00bb et \u00ab\u00a0Votre\u00a0\u00bb font r\u00e9f\u00e9rence \u00e0 vous, la personne acc\u00e9dant \u00e0 ce site web et acceptant les conditions g\u00e9n\u00e9rales de la soci\u00e9t\u00e9.<\/span><\/p>\n<p class=\"p1\"><span class=\"s1\">\u00ab\u00a0La soci\u00e9t\u00e9\u00a0\u00bb, \u00ab\u00a0nous-m\u00eames\u00a0\u00bb, \u00ab\u00a0nous\u00a0\u00bb, \u00ab\u00a0notre\u00a0\u00bb et \u00ab\u00a0nous\u00a0\u00bb d\u00e9signent notre soci\u00e9t\u00e9.<br \/>\n\u00ab\u00a0Partie\u00a0\u00bb, \u00ab\u00a0Parties\u00a0\u00bb ou \u00ab\u00a0Nous\u00a0\u00bb d\u00e9signe \u00e0 la fois le client et nous-m\u00eames, ou bien le client ou nous-m\u00eames.<br \/>\nTous les termes font r\u00e9f\u00e9rence \u00e0 l&rsquo;offre, \u00e0 l&rsquo;acceptation et au paiement n\u00e9cessaire pour entreprendre le processus de notre assistance au client de la mani\u00e8re la plus appropri\u00e9e, que ce soit par des r\u00e9unions formelles d&rsquo;une dur\u00e9e d\u00e9termin\u00e9e, ou par tout autre moyen, dans le but expr\u00e8s de rencontrer les besoins du client en ce qui concerne la fourniture des services du Dispensaire Fran\u00e7ais &#8211; Soci\u00e9t\u00e9 Fran\u00e7aise de Bienfaisance, conform\u00e9ment au droit en vigueur au Royaume-Uni et sous r\u00e9serve de ce droit. <\/span><\/p>\n<p class=\"p1\"><span class=\"s1\">Toute utilisation de la terminologie ci-dessus ou d&rsquo;autres mots au singulier, au pluriel, en majuscules et \/ ou il \/ elle ou ils sont consid\u00e9r\u00e9s comme interchangeables et par cons\u00e9quent se r\u00e9f\u00e9rant \u00e0 la m\u00eame chose.<\/span><\/p>\n<h2 class=\"p2\"><span class=\"s1\">Cookies<\/span><\/h2>\n<p class=\"p1\"><span class=\"s1\">Nous utilisons des cookies. En utilisant le site web du Dispensaire Fran\u00e7ais &#8211; Soci\u00e9t\u00e9 Fran\u00e7aise de Bienfaisance, vous consentez \u00e0 l&rsquo;utilisation de cookies conform\u00e9ment \u00e0 la politique de confidentialit\u00e9 du Dispensaire Fran\u00e7ais &#8211; Soci\u00e9t\u00e9 Fran\u00e7aise de Bienfaisance. La plupart des sites web interactifs modernes utilisent des cookies pour nous permettre de r\u00e9cup\u00e9rer les informations de l&rsquo;utilisateur \u00e0 chaque visite. Les cookies sont utilis\u00e9s dans certaines zones de notre site pour permettre la fonctionnalit\u00e9 de cette zone et la facilit\u00e9 d&rsquo;utilisation pour les visiteurs. Certains de nos partenaires publicitaires \/ affili\u00e9s peuvent \u00e9galement utiliser des cookies.<\/span><\/p>\n<h2 class=\"p2\"><span class=\"s1\">Licence<\/span><\/h2>\n<p class=\"p1\"><span class=\"s1\">Sauf indication contraire, Le Dispensaire Fran\u00e7ais &#8211; Soci\u00e9t\u00e9 Fran\u00e7aise de Bienfaisance et \/ ou ses conc\u00e9dants de licence d\u00e9tiennent les droits de propri\u00e9t\u00e9 intellectuelle de tout le mat\u00e9riel figurant sur Le Dispensaire Fran\u00e7ais &#8211; Soci\u00e9t\u00e9 Fran\u00e7aise de Bienfaisance. Tous les droits de propri\u00e9t\u00e9 intellectuelle sont r\u00e9serv\u00e9s. Vous pouvez afficher et \/ ou imprimer des pages de\u00a0<a href=\"https:\/\/df-sfb.org.uk\/\"><span class=\"s2\">https:\/\/df-sfb.org.uk<\/span><\/a>\u00a0pour votre usage personnel, sous r\u00e9serve des restrictions d\u00e9finies dans les pr\u00e9sentes conditions g\u00e9n\u00e9rales.<br \/>\n<\/span><\/p>\n<p class=\"p1\"><span class=\"s1\">Il ne faut pas :<\/span><\/p>\n<ul>\n<li class=\"p1\"><span class=\"s1\">Republier du mat\u00e9riel \u00e0 partir de <a href=\"https:\/\/df-sfb.org.uk\/\"><span class=\"s2\">https:\/\/df-sfb.org.uk<\/span><\/a><br \/>\n<\/span><\/li>\n<li class=\"p1\"><span class=\"s1\">Vendre, louer ou sous-licencier du mat\u00e9riel sur\u00a0<a href=\"https:\/\/df-sfb.org.uk\/\"><span class=\"s2\">https:\/\/df-sfb.org.uk<\/span><\/a><br \/>\n<\/span><\/li>\n<li class=\"p1\"><span class=\"s1\">Reproduire, dupliquer ou copier des documents \u00e0 partir de\u00a0<a href=\"https:\/\/df-sfb.org.uk\/\"><span class=\"s2\">https:\/\/df-sfb.org.uk<\/span><\/a><br \/>\n<\/span><\/li>\n<li class=\"p1\"><span class=\"s1\">Redistribuer le contenu du Dispensaire Fran\u00e7ais &#8211; Soci\u00e9t\u00e9 Fran\u00e7aise de Bienfaisance (sauf si le contenu est sp\u00e9cifiquement con\u00e7u pour la redistribution).<\/span><\/li>\n<\/ul>\n<h2 class=\"p2\"><span class=\"s1\">Hyperliens vers notre contenu<\/span><\/h2>\n<p class=\"p1\"><span class=\"s1\">Les organisations suivantes peuvent cr\u00e9er un lien vers notre site web sans autorisation \u00e9crite pr\u00e9alable :<br \/>\nOrganismes gouvernementaux,<br \/>\nMoteurs de recherche,<br \/>\nOrganismes de presse,<br \/>\nLes distributeurs d\u2019annuaires en ligne qui figurent dans notre annuaire peuvent cr\u00e9er un lien vers notre site web de la m\u00eame mani\u00e8re qu\u2019ils cr\u00e9ent un lien hypertexte vers les sites web d\u2019autres entreprises r\u00e9pertori\u00e9es ; et les entreprises accr\u00e9dit\u00e9es \u00e0 l\u2019\u00e9chelle du syst\u00e8me, \u00e0 l\u2019exception des organisations \u00e0 but non lucratif, des centres commerciaux et des groupes de collecte de fonds qui ne peuvent pas renvoyer par hyperlien \u00e0 notre site web.<br \/>\nCes organisations peuvent cr\u00e9er un lien vers notre page d&rsquo;accueil, des publications ou d&rsquo;autres informations de sites web, \u00e0 condition que le lien : (a) ne soit en aucun cas trompeur ; (b) n&rsquo;implique pas faussement un parrainage, une approbation ou une approbation de la partie qui fait la liaison et de ses produits ou services ; et (c) s&rsquo;inscrit dans le contexte du site de la partie qui fait la liaison.<br \/>\nNous pouvons examiner et approuver, \u00e0 notre enti\u00e8re discr\u00e9tion, d&rsquo;autres demandes de lien \u00e9manant des types d&rsquo;organisations suivants : sources d&rsquo;information de consommateurs et \/ ou d\u2019entreprises, telles que les chambres de commerce, l&rsquo;American Automobile Association, l&rsquo;AARP et le Consumers Union ; sites de la communaut\u00e9 dot.com ; associations ou autres groupes repr\u00e9sentant des \u0153uvres de bienfaisance, y compris des sites de dons, des distributeurs en ligne ; portails internet ; cabinets comptables, juristes et consultants dont les clients principaux sont des entreprises ; les \u00e9tablissements d&rsquo;enseignement et les associations professionnelles.<br \/>\nNous approuverons les demandes de lien de ces organisations si nous d\u00e9terminons que :<br \/>\n(a) le lien ne nuirait pas \u00e0 nous ou \u00e0 nos entreprises accr\u00e9dit\u00e9es (par exemple, les associations professionnelles ou autres organisations repr\u00e9sentant des types d&rsquo;activit\u00e9s intrins\u00e8quement suspects, telles que des opportunit\u00e9s de travail \u00e0 domicile, ne sont pas autoris\u00e9es) ;<br \/>\n(b) l&rsquo;organisation n&rsquo;a pas un dossier insatisfaisant avec nous ;<br \/>\n(c) le b\u00e9n\u00e9fice que nous tire de la visibilit\u00e9 associ\u00e9e au lien hypertexte l&#8217;emporte sur l&rsquo;absence de ; et<br \/>\n(d) lorsque le lien se trouve dans le contexte d&rsquo;informations g\u00e9n\u00e9rales sur les ressources ou est en accord avec le contenu \u00e9ditorial d&rsquo;un bulletin d&rsquo;information ou d&rsquo;un produit similaire renfor\u00e7ant la mission de l&rsquo;organisation.<\/span><\/p>\n<p class=\"p1\"><span class=\"s1\">Ces organisations peuvent cr\u00e9er un lien vers notre page d&rsquo;accueil, des publications ou d&rsquo;autres informations de sites web, \u00e0 condition que le lien : (a) ne soit en aucun cas trompeur ; (b) n&rsquo;implique pas faussement un parrainage, une approbation ou une approbation de la partie qui fait la liaison et de ses produits ou services ; et (c) s&rsquo;inscrit dans le contexte du site de la partie qui fait la liaison.<br \/>\nSi vous faites partie des organisations \u00e9num\u00e9r\u00e9es au paragraphe 2 ci-dessus et que vous souhaitez connecter \u00e0 notre site web, vous devez nous en informer en envoyant un courrier \u00e9lectronique \u00e0 info@df-sfb.org.uk.<br \/>\nVeuillez inclure votre nom, le nom de votre organisation, vos coordonn\u00e9es (telles qu&rsquo;un num\u00e9ro de t\u00e9l\u00e9phone et \/ ou une adresse \u00e9lectronique), ainsi que l&rsquo;URL de votre site, une liste des URL \u00e0 partir desquelles vous souhaitez cr\u00e9er un lien vers notre site web et une liste des URL sur notre site vers lesquelles vous souhaitez cr\u00e9er un lien. Pr\u00e9voyez 2-3 semaines pour une r\u00e9ponse.<br \/>\nLes organisations approuv\u00e9es peuvent cr\u00e9er un hyperlien vers notre site web comme suit :<br \/>\nEn utilisant notre d\u00e9nomination sociale ; ou<br \/>\nEn utilisant le localisateur de ressources uniforme (adresse web) associ\u00e9 ; ou<br \/>\nEn utilisant toute autre description de notre site web ou du mat\u00e9riel associ\u00e9, cela a du sens dans le contexte et le format du contenu du site de la partie qui fait le lien.<br \/>\nAucune utilisation du logo du Dispensaire Fran\u00e7ais &#8211; Soci\u00e9t\u00e9 Fran\u00e7aise de Bienfaisance ou d&rsquo;une autre \u0153uvre d&rsquo;art ne sera autoris\u00e9e pour faire le lien en l&rsquo;absence d&rsquo;un contrat de licence de marque.<\/span><\/p>\n<h2 class=\"p2\"><span class=\"s1\">R\u00e9serve de droits<\/span><\/h2>\n<p class=\"p1\"><span class=\"s1\">Nous nous r\u00e9servons le droit, \u00e0 tout moment et \u00e0 sa seule discr\u00e9tion, de vous demander de supprimer tous les liens ou tout lien particulier vers notre site web. Vous acceptez de supprimer imm\u00e9diatement tous les liens vers notre site web sur une telle demande. Nous nous r\u00e9servons \u00e9galement le droit de modifier \u00e0 tout moment les pr\u00e9sentes conditions g\u00e9n\u00e9rales et sa politique de liaison. En continuant \u00e0 vous relier \u00e0 notre site web, vous acceptez d&rsquo;\u00eatre li\u00e9 et de respecter ces termes et conditions.<\/span><\/p>\n<h2 class=\"p2\"><span class=\"s1\">Suppression des liens de notre site web<\/span><\/h2>\n<p class=\"p1\"><span class=\"s1\">Si vous trouvez un lien sur notre site web ou un site web li\u00e9 inacceptable pour une raison quelconque, vous pouvez nous contacter \u00e0 ce sujet. Nous examinerons les demandes de suppression de liens, mais n&rsquo;aurons aucune obligation de le faire ou de vous r\u00e9pondre directement. Bien que nous nous efforcions de nous assurer que les informations de ce site sont correctes, nous ne garantissons pas leur exhaustivit\u00e9 ni leur exactitude ; nous ne nous engageons pas non-plus \u00e0 faire en sorte que le site web reste disponible ou que le contenu du site web soit tenu \u00e0 jour.<\/span><\/p>\n<h2 class=\"p2\"><span class=\"s1\">Responsabilit\u00e9 du contenu<\/span><\/h2>\n<p class=\"p1\"><span class=\"s1\">Nous n&rsquo;assumerons aucune responsabilit\u00e9 pour tout contenu apparaissant sur votre site web. Vous acceptez de nous indemniser et de nous d\u00e9fendre contre toutes les r\u00e9clamations d\u00e9coulant de ou bas\u00e9es sur votre site web. Aucun lien ne peut appara\u00eetre sur aucune page de votre site web ni dans aucun contexte contenant du contenu ou des \u00e9l\u00e9ments pouvant \u00eatre interpr\u00e9t\u00e9s comme calomnieux, obsc\u00e8ne ou criminel, ou qui enfreigne, enfreint ou pr\u00e9conise l\u2019infraction ou une autre violation de droits de tiers.<\/span><\/p>\n<h2 class=\"p2\"><span class=\"s1\">Avertissement<\/span><\/h2>\n<p class=\"p1\"><span class=\"s1\">Dans la mesure maximale permise par la loi applicable, nous excluons toutes les d\u00e9clarations, garanties et conditions relatives \u00e0 notre site web et \u00e0 l&rsquo;utilisation de ce site web (y compris, sans limitation, toutes les garanties pr\u00e9vues par la loi en mati\u00e8re de qualit\u00e9 satisfaisante, d&rsquo;ad\u00e9quation \u00e0 l&rsquo;objectif et \/ ou l&rsquo;utilisation de soins raisonnables et de comp\u00e9tences). Rien dans cette exclusion de responsabilit\u00e9 ne peut : limiter ou exclure notre ou votre responsabilit\u00e9 en cas de d\u00e9c\u00e8s ou de blessures r\u00e9sultant d&rsquo;une n\u00e9gligence ; limiter ou exclure notre ou votre responsabilit\u00e9 en cas de fraude ou de d\u00e9claration frauduleuse ; limiter nos responsabilit\u00e9s ou celles de vos tiers d&rsquo;une mani\u00e8re non autoris\u00e9e par la loi en vigueur ; ou exclure l&rsquo;une de nos responsabilit\u00e9s ou celles de votre responsabilit\u00e9 qui ne peuvent pas \u00eatre exclues en vertu de la loi applicable.<\/span><\/p>\n<p class=\"p1\"><span class=\"s1\">Les limitations et exclusions de responsabilit\u00e9 \u00e9nonc\u00e9es dans cette section et ailleurs dans le pr\u00e9sent avis de non-responsabilit\u00e9 : (a) sont soumis au paragraphe pr\u00e9c\u00e9dent ; et (b) r\u00e9gissent toutes les responsabilit\u00e9s d\u00e9coulant de la renonciation ou en relation avec l&rsquo;objet de la pr\u00e9sente renonciation, y compris les responsabilit\u00e9s contractuelles, d\u00e9lictuelles (y compris la n\u00e9gligence) et pour manquement \u00e0 une obligation l\u00e9gale.<br \/>\n<\/span><\/p>\n<p class=\"p1\"><span class=\"s1\">Dans la mesure o\u00f9 le site web, ainsi que les informations et les services qui y sont fournis, sont fournis gratuitement, nous ne serons pas responsables des pertes ou dommages de quelque nature que ce soit.<\/span><\/p>\n","protected":false},"excerpt":{"rendered":"<p>Bienvenue sur le site du Dispensaire Fran\u00e7ais &#8211; Soci\u00e9t\u00e9 Fran\u00e7aise de Bienfaisance Les pr\u00e9sentes conditions g\u00e9n\u00e9rales d\u00e9crivent les r\u00e8gles et r\u00e9glementations relatives \u00e0 l\u2019utilisation du site web du Dispensaire Fran\u00e7ais &#8211; Soci\u00e9t\u00e9 Fran\u00e7aise de Bienfaisance. Le Dispensaire Fran\u00e7ais &#8211; Soci\u00e9t\u00e9 Fran\u00e7aise de Bienfaisance est situ\u00e9 \u00e0 : 184 Hammersmith Road, Londres W6 7DJ, Royaume-Uni En [&hellip;]<\/p>\n","protected":false},"author":1,"featured_media":0,"parent":0,"menu_order":0,"comment_status":"closed","ping_status":"closed","template":"","meta":{"footnotes":""},"class_list":["post-5397","page","type-page","status-publish","hentry"],"_links":{"self":[{"href":"https:\/\/www.df-sfb.org.uk\/fr\/wp-json\/wp\/v2\/pages\/5397","targetHints":{"allow":["GET"]}}],"collection":[{"href":"https:\/\/www.df-sfb.org.uk\/fr\/wp-json\/wp\/v2\/pages"}],"about":[{"href":"https:\/\/www.df-sfb.org.uk\/fr\/wp-json\/wp\/v2\/types\/page"}],"author":[{"embeddable":true,"href":"https:\/\/www.df-sfb.org.uk\/fr\/wp-json\/wp\/v2\/users\/1"}],"replies":[{"embeddable":true,"href":"https:\/\/www.df-sfb.org.uk\/fr\/wp-json\/wp\/v2\/comments?post=5397"}],"version-history":[{"count":6,"href":"https:\/\/www.df-sfb.org.uk\/fr\/wp-json\/wp\/v2\/pages\/5397\/revisions"}],"predecessor-version":[{"id":5403,"href":"https:\/\/www.df-sfb.org.uk\/fr\/wp-json\/wp\/v2\/pages\/5397\/revisions\/5403"}],"wp:attachment":[{"href":"https:\/\/www.df-sfb.org.uk\/fr\/wp-json\/wp\/v2\/media?parent=5397"}],"curies":[{"name":"wp","href":"https:\/\/api.w.org\/{rel}","templated":true}]}}