{"id":5391,"date":"2020-05-13T22:03:55","date_gmt":"2020-05-13T21:03:55","guid":{"rendered":"https:\/\/www.df-sfb.org.uk\/?page_id=5391"},"modified":"2020-05-13T22:07:20","modified_gmt":"2020-05-13T21:07:20","slug":"politique-de-confidentialite","status":"publish","type":"page","link":"https:\/\/www.df-sfb.org.uk\/fr\/politique-de-confidentialite\/","title":{"rendered":"Politique de confidentialit\u00e9"},"content":{"rendered":"<p class=\"p1\"><span class=\"s1\">Bienvenue sur notre politique de confidentialit\u00e9. Votre vie priv\u00e9e est extr\u00eamement importante pour nous.<\/span><\/p>\n<p class=\"p1\"><span class=\"s1\"><br \/>\nLe Dispensaire Fran\u00e7ais &#8211; Soci\u00e9t\u00e9 Fran\u00e7aise de Bienfaisance est situ\u00e9 \u00e0:<br \/>\n184 Road Hammersmith,<br \/>\nLondon W6 7DJ, Royaume-Uni<br \/>\n02038489303<\/span><\/p>\n<p class=\"p1\"><span class=\"s1\"><br \/>\nLa politique du Dispensaire Fran\u00e7ais &#8211; Soci\u00e9t\u00e9 Fran\u00e7aise de Bienfaisance est de respecter votre vie priv\u00e9e \u00e0 l\u2019\u00e9gard des informations que nous pouvons collecter lorsque vous exploitez notre site web. Cette politique de confidentialit\u00e9 s&rsquo;applique \u00e0 https:\/\/df-sfb.org.uk (ci-apr\u00e8s, \u00ab\u00a0nous\u00a0\u00bb ou \u00ab\u00a0<a href=\"https:\/\/df-sfb.org.uk\">https:\/\/df-sfb.org.uk<\/a>\u00a0\u00bb ). Nous respectons votre vie priv\u00e9e et nous nous engageons \u00e0 prot\u00e9ger les informations personnellement identifiables que vous pouvez nous fournir par le biais du site web. Nous avons adopt\u00e9 cette politique de confidentialit\u00e9 (\u00abPolitique de confidentialit\u00e9\u00bb) pour expliquer quelles informations peuvent \u00eatre collect\u00e9es sur notre site web, comment nous utilisons ces informations et dans quelles circonstances nous pouvons divulguer ces informations \u00e0 des tiers. Cette politique de confidentialit\u00e9 s&rsquo;applique uniquement aux informations que nous recueillons sur le site web et ne s&rsquo;applique pas \u00e0 notre collecte d&rsquo;informations provenant d&rsquo;autres sources.<br \/>\nLa pr\u00e9sente politique de confidentialit\u00e9, ainsi que les conditions g\u00e9n\u00e9rales affich\u00e9es sur notre site web, \u00e9noncent les r\u00e8gles et politiques g\u00e9n\u00e9rales r\u00e9gissant votre utilisation de notre site web. En fonction de vos activit\u00e9s lors de la visite de notre site web, vous devrez peut-\u00eatre accepter des conditions g\u00e9n\u00e9rales suppl\u00e9mentaires.<\/span><\/p>\n<p class=\"p1\"><span class=\"s1\"><b>Visiteurs<\/b><\/span><\/p>\n<p class=\"p1\"><span class=\"s1\">Comme la plupart des op\u00e9rateurs de site web, le Dispensaire Fran\u00e7ais &#8211; Soci\u00e9t\u00e9 Fran\u00e7aise de Bienfaisance recueille des informations non-identifiables personnellement, du type g\u00e9n\u00e9ralement fourni par les navigateurs et les serveurs web, telles que le type de navigateur, la langue de pr\u00e9f\u00e9rence, le site r\u00e9f\u00e9rent, ainsi que la date et l&rsquo;heure de chaque demande. En collectant des informations non-personnelles, le Dispensaire Fran\u00e7ais &#8211; Soci\u00e9t\u00e9 Fran\u00e7aise de Bienfaisance a pour objectif de mieux comprendre comment les visiteurs du Dispensaire Fran\u00e7ais &#8211; Soci\u00e9t\u00e9 Fran\u00e7aise de Bienfaisance utilisent son site web. De temps \u00e0 autre, le Dispensaire Fran\u00e7ais &#8211; Soci\u00e9t\u00e9 Fran\u00e7aise de Bienfaisance peut diffuser globalement des informations non-identifiables personnellement, par exemple en publiant un rapport sur les tendances en mati\u00e8re d&rsquo;utilisation de son site web.<\/span><\/p>\n<p class=\"p1\"><span class=\"s1\"><b>Collecte d&rsquo;informations et utilisation<\/b><\/span><\/p>\n<p class=\"p1\"><span class=\"s1\">Nous recueillons plusieurs types d&rsquo;informations \u00e0 diff\u00e9rentes fins pour vous fournir et am\u00e9liorer notre service.<\/span><\/p>\n<p class=\"p1\"><span class=\"s1\"><b>Types de donn\u00e9es collect\u00e9es<\/b><\/span><\/p>\n<p class=\"p1\"><span class=\"s1\"><b>Donn\u00e9es personnelles<\/b><\/span><\/p>\n<p class=\"p1\"><span class=\"s1\">Lors de l&rsquo;utilisation de notre service, nous pouvons vous demander de nous fournir certaines informations identifiables personnellement qui peuvent \u00eatre utilis\u00e9es pour vous contacter ou vous identifier (\u00ab\u00a0Donn\u00e9es personnelles\u00a0\u00bb). Les informations identifiables personnellement peuvent inclure, sans toutefois s&rsquo;y limiter:<\/span><\/p>\n<ul class=\"ul1\">\n<li class=\"li2\"><span class=\"s1\">Adresse \u00e9lectronique<\/span><\/li>\n<li class=\"li2\"><span class=\"s1\">Nom et \/ ou pseudonyme<\/span><\/li>\n<li class=\"li2\"><span class=\"s1\">Age<\/span><\/li>\n<li class=\"li2\"><span class=\"s1\">Cookies et donn\u00e9es d\u2019utilisation<\/span><\/li>\n<\/ul>\n<p class=\"p1\"><span class=\"s1\"><b>Utilisation des donn\u00e9es<\/b><\/span><\/p>\n<p class=\"p1\"><span class=\"s1\">Nous pouvons \u00e9galement collecter des informations sur la fa\u00e7on dont le service est acc\u00e9d\u00e9 et utilis\u00e9 (\u00ab\u00a0Utilisation des donn\u00e9es\u00a0\u00bb). Ces donn\u00e9es d&rsquo;utilisation peuvent inclure des informations telles que l&rsquo;adresse IP (Internet Protocol) de votre ordinateur, le type de navigateur, la version du navigateur, les pages de notre service que vous visitez, l&rsquo;heure et la date de votre visite, le temps pass\u00e9 sur ces pages, des identificateurs uniques d\u2019appareils et autres donn\u00e9es de diagnostic.<\/span><\/p>\n<p class=\"p1\"><span class=\"s1\"><b>S\u00e9curit\u00e9<\/b><\/span><\/p>\n<p class=\"p1\"><span class=\"s1\">La s\u00e9curit\u00e9 de vos informations personnelles est importante pour nous, mais rappelez-vous qu&rsquo;aucune m\u00e9thode de transmission sur Internet, ni aucune m\u00e9thode de stockage \u00e9lectronique n&rsquo;est s\u00e9curis\u00e9e \u00e0 100%. Bien que nous nous efforcions d&rsquo;utiliser des moyens commercialement acceptables pour prot\u00e9ger vos informations personnelles, nous ne pouvons pas garantir leur s\u00e9curit\u00e9 absolue.<\/span><\/p>\n<p class=\"p1\"><span class=\"s1\"><b>Liens vers des sites externes<\/b><\/span><\/p>\n<p class=\"p1\"><span class=\"s1\">Notre service peut contenir des liens vers des sites externes que nous n&rsquo;exploitons pas. Si vous cliquez sur un lien tiers, vous serez dirig\u00e9 vers le site de ce tiers. Nous vous conseillons vivement de consulter la politique de confidentialit\u00e9 et les conditions g\u00e9n\u00e9rales de chaque site que vous visitez.<br \/>\nNous n&rsquo;avons aucun contr\u00f4le sur, et n&rsquo;assumons aucune responsabilit\u00e9 pour le contenu, les politiques de confidentialit\u00e9 ou les pratiques de sites, produits ou services tiers.<\/span><\/p>\n<p class=\"p1\"><span class=\"s1\"><b>Analytique<\/b><\/span><\/p>\n<p class=\"p1\"><span class=\"s1\">Nous pouvons utiliser des fournisseurs de services tiers pour surveiller et analyser l&rsquo;utilisation de nos services.<\/span><\/p>\n<p class=\"p1\"><span class=\"s1\"><b>Statistiques agr\u00e9g\u00e9es<\/b><\/span><\/p>\n<p class=\"p1\"><span class=\"s1\">Le Dispensaire Fran\u00e7ais &#8211; Soci\u00e9t\u00e9 Fran\u00e7aise de Bienfaisance peut recueillir des statistiques sur le comportement des visiteurs de son site web. Le Dispensaire Fran\u00e7ais &#8211; Soci\u00e9t\u00e9 Fran\u00e7aise de Bienfaisance peut afficher ces informations publiquement ou les transmettre \u00e0 des tiers. Toutefois, le Dispensaire Fran\u00e7ais &#8211; Soci\u00e9t\u00e9 Fran\u00e7aise de Bienfaisance ne divulgue pas vos informations d&rsquo;identification personnelle.<\/span><\/p>\n<p class=\"p1\"><span class=\"s1\"><b>Cookies<\/b><\/span><\/p>\n<p class=\"p1\"><span class=\"s1\">Pour enrichir et perfectionner votre exp\u00e9rience en ligne, le Dispensaire Fran\u00e7ais &#8211; Soci\u00e9t\u00e9 Fran\u00e7aise de Bienfaisance utilise des \u00ab\u00a0cookies\u00a0\u00bb, technologies et services similaires fournis par d&rsquo;autres utilisateurs pour afficher un contenu personnalis\u00e9, des publicit\u00e9s appropri\u00e9es et stocker vos pr\u00e9f\u00e9rences sur votre ordinateur.<br \/>\nUn cookie est une cha\u00eene d&rsquo;informations qu&rsquo;un site web stocke sur l&rsquo;ordinateur du visiteur et que le navigateur du visiteur fournit au site \u00e0 chaque retour du visiteur. Le Dispensaire Fran\u00e7ais &#8211; Soci\u00e9t\u00e9 Fran\u00e7aise de Bienfaisance utilise des cookies pour aider le Dispensaire Fran\u00e7ais &#8211; Soci\u00e9t\u00e9 Fran\u00e7aise de Bienfaisance \u00e0 identifier et suivre les visiteurs, leur utilisation de <a href=\"https:\/\/df-sfb.org.uk\/\"><span class=\"s2\">https:\/\/df-sfb.org.uk<\/span><\/a> et leurs pr\u00e9f\u00e9rences d&rsquo;acc\u00e8s au site web. Les visiteurs du Dispensaire Fran\u00e7ais &#8211; Soci\u00e9t\u00e9 Fran\u00e7aise de Bienfaisance qui ne souhaitent pas que des cookies soient plac\u00e9s sur leur ordinateur doivent d\u00e9sactiver ou supprimer ces cookies de leurs navigateurs avant d\u2019utiliser les sites web du Dispensaire Fran\u00e7ais &#8211; Soci\u00e9t\u00e9 Fran\u00e7aise de Bienfaisance, avec l\u2019inconv\u00e9nient que certaines fonctionnalit\u00e9s du site web du Dispensaire Fran\u00e7ais &#8211; Soci\u00e9t\u00e9 Fran\u00e7aise de Bienfaisance peuvent ne pas fonctionner correctement sans l\u2019aide des cookies.<\/span><\/p>\n<p class=\"p1\"><span class=\"s1\">En continuant \u00e0 naviguer sur notre site web sans modifier vos param\u00e8tres de cookies, vous reconnaissez et acceptez l\u2019utilisation des cookies par le Dispensaire Fran\u00e7ais &#8211; Soci\u00e9t\u00e9 Fran\u00e7aise de Bienfaisance.<\/span><\/p>\n<p class=\"p1\"><span class=\"s1\"><b>Modifications de la politique de confidentialit\u00e9<\/b><\/span><\/p>\n<p class=\"p1\"><span class=\"s1\">Bien que la plupart des modifications ont des chances d&rsquo;\u00eatre mineures, le Dispensaire Fran\u00e7ais &#8211; Soci\u00e9t\u00e9 Fran\u00e7aise de Bienfaisance peut modifier sa politique de confidentialit\u00e9 de temps \u00e0 autre et \u00e0 la seule discr\u00e9tion du Dispensaire Fran\u00e7ais &#8211; Soci\u00e9t\u00e9 Fran\u00e7aise de Bienfaisance. Le Dispensaire Fran\u00e7ais &#8211; Soci\u00e9t\u00e9 Fran\u00e7aise de Bienfaisance encourage les visiteurs \u00e0 consulter fr\u00e9quemment cette page pour v\u00e9rifier les modifications \u00e0 sa politique de confidentialit\u00e9. Votre utilisation continue de ce site apr\u00e8s tout changement dans cette politique de confidentialit\u00e9 constituera votre acceptation de ce changement.<\/span><\/p>\n<p class=\"p1\"><span class=\"s1\"><b>Nous contacter<\/b><\/span><\/p>\n<p class=\"p1\"><span class=\"s1\">Si vous avez des questions sur cette politique de confidentialit\u00e9, veuillez nous contacter \u00e0 l\u2019adresse email suivante :\u00a0<a href=\"mailto:info@df-sfb.org.uk\"><span class=\"s2\">info@df-sfb.org.uk.<\/span><\/a><\/span><\/p>\n<p class=\"p1\"><span class=\"s1\">Date d&rsquo;entr\u00e9e en vigueur : 05 septembre 2019<\/span><\/p>\n","protected":false},"excerpt":{"rendered":"<p>Bienvenue sur notre politique de confidentialit\u00e9. Votre vie priv\u00e9e est extr\u00eamement importante pour nous. Le Dispensaire Fran\u00e7ais &#8211; Soci\u00e9t\u00e9 Fran\u00e7aise de Bienfaisance est situ\u00e9 \u00e0: 184 Road Hammersmith, London W6 7DJ, Royaume-Uni 02038489303 La politique du Dispensaire Fran\u00e7ais &#8211; Soci\u00e9t\u00e9 Fran\u00e7aise de Bienfaisance est de respecter votre vie priv\u00e9e \u00e0 l\u2019\u00e9gard des informations que nous [&hellip;]<\/p>\n","protected":false},"author":1,"featured_media":0,"parent":0,"menu_order":0,"comment_status":"closed","ping_status":"closed","template":"","meta":{"footnotes":""},"class_list":["post-5391","page","type-page","status-publish","hentry"],"_links":{"self":[{"href":"https:\/\/www.df-sfb.org.uk\/fr\/wp-json\/wp\/v2\/pages\/5391","targetHints":{"allow":["GET"]}}],"collection":[{"href":"https:\/\/www.df-sfb.org.uk\/fr\/wp-json\/wp\/v2\/pages"}],"about":[{"href":"https:\/\/www.df-sfb.org.uk\/fr\/wp-json\/wp\/v2\/types\/page"}],"author":[{"embeddable":true,"href":"https:\/\/www.df-sfb.org.uk\/fr\/wp-json\/wp\/v2\/users\/1"}],"replies":[{"embeddable":true,"href":"https:\/\/www.df-sfb.org.uk\/fr\/wp-json\/wp\/v2\/comments?post=5391"}],"version-history":[{"count":5,"href":"https:\/\/www.df-sfb.org.uk\/fr\/wp-json\/wp\/v2\/pages\/5391\/revisions"}],"predecessor-version":[{"id":5396,"href":"https:\/\/www.df-sfb.org.uk\/fr\/wp-json\/wp\/v2\/pages\/5391\/revisions\/5396"}],"wp:attachment":[{"href":"https:\/\/www.df-sfb.org.uk\/fr\/wp-json\/wp\/v2\/media?parent=5391"}],"curies":[{"name":"wp","href":"https:\/\/api.w.org\/{rel}","templated":true}]}}