{"id":5122,"date":"2020-03-30T09:29:02","date_gmt":"2020-03-30T08:29:02","guid":{"rendered":"https:\/\/www.df-sfb.org.uk\/?page_id=5122"},"modified":"2026-02-17T15:00:48","modified_gmt":"2026-02-17T15:00:48","slug":"evenements-et-levees-de-fonds","status":"publish","type":"page","link":"https:\/\/www.df-sfb.org.uk\/fr\/evenements-et-levees-de-fonds\/","title":{"rendered":"\u00c9v\u00e8nements et lev\u00e9es de fonds"},"content":{"rendered":"<p>[vc_row][vc_column][vc_column_text]Des \u00e9v\u00e8nements r\u00e9guliers ou ponctuels permettent de lever de fonds essentiels pour Le Dispensaire Fran\u00e7ais-Soci\u00e9t\u00e9 Fran\u00e7aise de Bienfaisance. Ils sont organis\u00e9s par le Dispensaire, nos partenaires ou bien des initiatives individuelles.[\/vc_column_text][vc_zigzag][\/vc_column][\/vc_row][vc_row][vc_column][cms_heading text=\u00a0\u00bbGala \u00e0 la R\u00e9sidence de France\u00a0\u00bb add_icon=\u00a0\u00bb\u00a0\u00bb][vc_column_text]Le Dispensaire organise tous les 2 ans un grand gala o\u00f9 sont convi\u00e9s les entreprises fran\u00e7aises et nos plus grands donateurs priv\u00e9s. Une vente aux ench\u00e8res a lieu pendant la soir\u00e9e gr\u00e2ce \u00e0 de prestigieux lots offerts par de g\u00e9n\u00e9reux partenaires. Les b\u00e9n\u00e9fices de la vente sont revers\u00e9s au Dispensaire Fran\u00e7ais-Soci\u00e9t\u00e9 Fran\u00e7aise de Bienfaisance.<\/p>\n<p>Ainsi, en d\u00e9cembre 2017, sous les ors de la r\u00e9sidence de France, M. Jean-Pierre Jouyet, ambassadeur de France et Mme Brigitte Taittinger Jouyet, son \u00e9pouse, en pr\u00e9sence de Mme Sylvaine Carta-Le Vert, Consule g\u00e9n\u00e9rale de France, recevaient une centaine de personnes d\u00e9sireuses de soutenir l\u2019action du Dispensaire.<\/p>\n<p>Apr\u00e8s le cocktail, les invit\u00e9s ont d\u2019abord \u00e9cout\u00e9 des airs d\u2019op\u00e9ra interpr\u00e9t\u00e9s par le t\u00e9nor Bryan Hymel et la soprano Irini Kyriakidou, accompagn\u00e9s au piano par Olga Jegunova, avant de d\u00e9guster un d\u00eener pr\u00e9par\u00e9 par le chef de la r\u00e9sidence, Gilles Quillot.[\/vc_column_text][vc_gallery type=\u00a0\u00bbimage_grid\u00a0\u00bb images=\u00a0\u00bb5365,5367,5369,5371&Prime;][\/vc_column][vc_column][vc_zigzag][\/vc_column][\/vc_row][vc_row][vc_column][cms_heading layout_mode=\u00a0\u00bb2&Prime; text=\u00a0\u00bbSoir\u00e9e Cin\u00e9ma\u00a0\u00bb add_icon=\u00a0\u00bb\u00a0\u00bb][vc_column_text]<\/p>\n<p>Chaque ann\u00e9e Le Dispensaire organise une soir\u00e9e de lev\u00e9e de fonds en partenariat avec l\u2019Institut Fran\u00e7ais \u00e0 Londres et notre sponsor H2O.<\/p>\n<p>En 2019, M. Guillaume Bazard, Consul g\u00e9n\u00e9ral de France, Mme Sandra Kelleners, consul g\u00e9n\u00e9ral de Belgique et Mme Claudine Ripert-Landler, conseill\u00e8re culturelle et directrice de l\u2019Institut fran\u00e7ais, nous ont fait l\u2019honneur de leur pr\u00e9sence et de leur soutien autour d\u2019un cocktail suivi de la projection du film \u00ab Pupille \u00bb de Jeanne Henry.<\/p>\n<p>Un grand merci \u00e0 tous pour votre soutien. Gr\u00e2ce \u00e0 la g\u00e9n\u00e9rosit\u00e9 et l\u2019accueil de l\u2019Institut, notre sponsor H2O et votre participation, nous avons pu lever les fonds qui vont nous aider \u00e0 poursuivre notre mission d\u2019aide m\u00e9dicale et sociale.<\/p>\n<p>[\/vc_column_text][\/vc_column][vc_column][vc_zigzag][\/vc_column][\/vc_row][vc_row][vc_column][cms_heading text=\u00a0\u00bbDonation de Londres Accueil\u00a0\u00bb add_icon=\u00a0\u00bb\u00a0\u00bb][vc_column_text]L\u2019association <a href=\"https:\/\/www.londresaccueil.org.uk\/\" target=\"_blank\" rel=\"noopener noreferrer\">Londres Accueil<\/a>, qui regroupe pr\u00e8s de 1000 membres \u00e0 Londres, travaille en partenariat avec le Dispensaire depuis plusieurs ann\u00e9es et les recettes de sa vente de lots de No\u00ebl repr\u00e9sentent un financement important pour le Dispensaire.<\/p>\n<p>N\u2019h\u00e9sitez pas \u00e0 nous contacter si vous pouvez nous aider.<\/p>\n<p>Les partenaires :<\/p>\n<ul>\n<li>Atelier Bedford<\/li>\n<li>B Bakery<\/li>\n<li>Chanel<\/li>\n<li>Cosmydor<\/li>\n<li>Dyptique<\/li>\n<li>Eclectic Mind<\/li>\n<li>Eurostar<\/li>\n<li>Holland&amp;Holland<\/li>\n<li>Lalique<\/li>\n<li>Maison Puget<\/li>\n<li>Maitre Choux<\/li>\n<li>Aux Merveilleux de Fred<\/li>\n<li>Librairie La Page<\/li>\n<li>Paul (p\u00e2tisserie)<\/li>\n<li>Sonia Fitoussi photographe<\/li>\n<li>Vorwek<\/li>\n<\/ul>\n<p>Sans oublier des professions lib\u00e9rales qui g\u00e9n\u00e9reusement offrent des s\u00e9ances\u00a0:<\/p>\n<p>Greg coiffeur, Isabelle Dega, Corinne Fedevielle, Marie-Emmanuelle Geller, Francine Joyce, Maud Mathe, Nathalie Nion, Manuela Thine, Angie Safa.[\/vc_column_text][\/vc_column][vc_column][vc_zigzag][\/vc_column][\/vc_row][vc_row][vc_column][cms_heading text=\u00a0\u00bbMarathon de Pierre Chabrelie\u00a0\u00bb add_icon=\u00a0\u00bb\u00a0\u00bb][vc_column_text]En avril 2018, Pierre Chabrelie a couru les fameux 42km du London Marathon au sein de l\u2019\u00e9quipe ING pour la deuxi\u00e8me fois en quelques ann\u00e9es. Malgr\u00e9 les obstacles rencontr\u00e9s (probl\u00e8mes de tendon), ce grand soutien du Dispensaire a atteint son objectif de courir la distance en moins de 3h, un exploit d\u00e9j\u00e0 r\u00e9alis\u00e9 8 fois par le pass\u00e9.[\/vc_column_text][vc_zigzag][\/vc_column][\/vc_row][vc_row][vc_column][cms_heading text=\u00a0\u00bbDonations du d\u00e9jeuner de No\u00ebl\u00a0\u00bb add_icon=\u00a0\u00bb\u00a0\u00bb][vc_column_text]Le Dispensaire Fran\u00e7ais-Soci\u00e9t\u00e9 Fran\u00e7aise de Bienfaisance organise chaque ann\u00e9e un d\u00e9jeuner de No\u00ebl pour le club du comit\u00e9 social. Lors de ce d\u00e9jeuner, nous organisons une distribution de lots : des billets sont vendus aux b\u00e9n\u00e9voles et aux partenaires et sont offerts aux membres.<\/p>\n<p>Nous remercions nos partenaires, qui chaque ann\u00e9e, participent \u00e0 cette distribution :<\/p>\n<ul>\n<li>Consulat g\u00e9n\u00e9ral de France \u00e0 Londres<\/li>\n<li>Institut Fran\u00e7ais du Royaume-Uni<\/li>\n<li>Aux Merveilleux de Fred<\/li>\n<li>Brigit\u2019s Bakery<\/li>\n<li>Gazette Brasserie<\/li>\n<li>Jeff de Bruges<\/li>\n<li>La Petite Bretagne<\/li>\n<li>Librairie La Page<\/li>\n<li>Ma\u00eetre Choux<\/li>\n<li>Patisserie Sainte Anne<\/li>\n<\/ul>\n<p>[\/vc_column_text][\/vc_column][vc_column][\/vc_column][\/vc_row]<\/p>\n","protected":false},"excerpt":{"rendered":"<p>[vc_row][vc_column][vc_column_text]Des \u00e9v\u00e8nements r\u00e9guliers ou ponctuels permettent de lever de fonds essentiels pour Le Dispensaire Fran\u00e7ais-Soci\u00e9t\u00e9 Fran\u00e7aise de Bienfaisance. Ils sont organis\u00e9s par le Dispensaire, nos partenaires ou bien des initiatives individuelles.[\/vc_column_text][vc_zigzag][\/vc_column][\/vc_row][vc_row][vc_column][cms_heading text=\u00a0\u00bbGala \u00e0 la R\u00e9sidence de France\u00a0\u00bb add_icon=\u00a0\u00bb\u00a0\u00bb][vc_column_text]Le Dispensaire organise tous les 2 ans un grand gala o\u00f9 sont convi\u00e9s les entreprises fran\u00e7aises et nos [&hellip;]<\/p>\n","protected":false},"author":1,"featured_media":0,"parent":0,"menu_order":0,"comment_status":"closed","ping_status":"closed","template":"","meta":{"footnotes":""},"class_list":["post-5122","page","type-page","status-publish","hentry"],"_links":{"self":[{"href":"https:\/\/www.df-sfb.org.uk\/fr\/wp-json\/wp\/v2\/pages\/5122","targetHints":{"allow":["GET"]}}],"collection":[{"href":"https:\/\/www.df-sfb.org.uk\/fr\/wp-json\/wp\/v2\/pages"}],"about":[{"href":"https:\/\/www.df-sfb.org.uk\/fr\/wp-json\/wp\/v2\/types\/page"}],"author":[{"embeddable":true,"href":"https:\/\/www.df-sfb.org.uk\/fr\/wp-json\/wp\/v2\/users\/1"}],"replies":[{"embeddable":true,"href":"https:\/\/www.df-sfb.org.uk\/fr\/wp-json\/wp\/v2\/comments?post=5122"}],"version-history":[{"count":16,"href":"https:\/\/www.df-sfb.org.uk\/fr\/wp-json\/wp\/v2\/pages\/5122\/revisions"}],"predecessor-version":[{"id":7939,"href":"https:\/\/www.df-sfb.org.uk\/fr\/wp-json\/wp\/v2\/pages\/5122\/revisions\/7939"}],"wp:attachment":[{"href":"https:\/\/www.df-sfb.org.uk\/fr\/wp-json\/wp\/v2\/media?parent=5122"}],"curies":[{"name":"wp","href":"https:\/\/api.w.org\/{rel}","templated":true}]}}