{"id":1134,"date":"2020-01-27T16:07:51","date_gmt":"2020-01-27T16:07:51","guid":{"rendered":"https:\/\/www.df-sfb.org.uk\/?page_id=1134"},"modified":"2023-10-31T11:01:03","modified_gmt":"2023-10-31T11:01:03","slug":"devenir-benevole","status":"publish","type":"page","link":"https:\/\/www.df-sfb.org.uk\/fr\/devenir-benevole\/","title":{"rendered":"Devenir b\u00e9n\u00e9vole"},"content":{"rendered":"<p>[vc_row][vc_column][vc_column_text]Le Dispensaire Fran\u00e7ais-Soci\u00e9t\u00e9 Fran\u00e7aise de Bienfaisance ne fonctionne que gr\u00e2ce au professionnalisme et au d\u00e9vouement de ses b\u00e9n\u00e9voles. Il en compte 65 (dont 14 Trustees).[\/vc_column_text][vc_message icon_fontawesome=\u00a0\u00bbfa fa-child\u00a0\u00bb]Nous sommes actuellement \u00e0 la recherche de m\u00e9decins g\u00e9n\u00e9ralistes.[\/vc_message][\/vc_column][vc_column][vc_zigzag][cms_heading layout_mode=\u00a0\u00bb2&Prime; text=\u00a0\u00bbEngagement sur-mesure\u00a0\u00bb add_icon=\u00a0\u00bb\u00a0\u00bb][vc_column_text]<span class=\"s1\">L\u2019engagement est sur mesure en fonction de votre disponibilit\u00e9 et de vos aspirations. Apporter son aide peut se faire de multiples fa\u00e7ons : chacun peut trouver une formule qui lui convient selon son temps disponible, ses centres d\u2019int\u00e9r\u00eat, ses comp\u00e9tences. Nos b\u00e9n\u00e9voles signent une lettre d\u2019engagement et s\u2019engagent \u00e0 adh\u00e9rer \u00e0 la charte du Dispensaire Fran\u00e7ais-Soci\u00e9t\u00e9 Fran\u00e7aise de Bienfaisance qui encadre nos interventions.<\/span>[\/vc_column_text][\/vc_column][vc_column][vc_zigzag][\/vc_column][vc_column][cms_heading layout_mode=\u00a0\u00bb2&Prime; text=\u00a0\u00bbDomaines d&rsquo;action\u00a0\u00bb add_icon=\u00a0\u00bb\u00a0\u00bb][vc_row_inner][vc_column_inner width=\u00a0\u00bb2\/3&Prime;][vc_column_text]<\/p>\n<p class=\"p1\"><span class=\"s1\">Les principaux domaines d\u2019action de nos b\u00e9n\u00e9voles sont :<\/span><\/p>\n<p>&nbsp;<\/p>\n<ul>\n<li style=\"list-style-type: none;\">\n<ul class=\"ul1\">\n<li class=\"li1\"><span class=\"s1\"><strong>M\u00e9dical\u00a0:<\/strong> m\u00e9decins et professionnels de sant\u00e9 qui sont tous francophones et enregistr\u00e9s au UK. Pour en savoir plus sur l\u2019enregistrement en tant que m\u00e9decin g\u00e9n\u00e9raliste au UK, consultez le site du\u00a0<a href=\"https:\/\/www.gmc-uk.org\/registration-and-licensing\/the-medical-register\/a-guide-to-the-medical-register\/gp-registration\" target=\"_blank\" rel=\"noopener noreferrer\"><i>General Medical Council<\/i><\/a><\/span><\/li>\n<\/ul>\n<\/li>\n<\/ul>\n<ul>\n<li style=\"list-style-type: none;\">\n<ul class=\"ul1\">\n<li class=\"li1\"><span class=\"s1\"><strong>Social\u00a0:<\/strong> les membres du\u00a0<a href=\"https:\/\/www.df-sfb.org.uk\/fr\/aide-sociale-soutien-social\/\">comit\u00e9 social<\/a>\u00a0<\/span><span class=\"s1\">peuvent s\u2019engager pour des visites aux personnes \u00e2g\u00e9es et\/ou isol\u00e9es, l\u2019animation d\u2019un club sortie et l\u2019organisation d\u2019un club de rencontre autour d\u2019un repas mensuel au Dispensaire Fran\u00e7ais.<\/span><\/li>\n<\/ul>\n<\/li>\n<\/ul>\n<p>[\/vc_column_text][\/vc_column_inner][vc_column_inner width=\u00a0\u00bb1\/3&Prime;][vc_single_image image=\u00a0\u00bb7271&Prime; img_size=\u00a0\u00bb180&#215;270&Prime; alignment=\u00a0\u00bbcenter\u00a0\u00bb style=\u00a0\u00bbvc_box_outline\u00a0\u00bb][\/vc_column_inner][\/vc_row_inner][\/vc_column][vc_column][vc_zigzag][cms_heading layout_mode=\u00a0\u00bb2&Prime; text=\u00a0\u00bbRejoindre notre \u00e9quipe\u00a0\u00bb add_icon=\u00a0\u00bb\u00a0\u00bb][vc_column_text]<\/p>\n<p style=\"text-align: left;\"><span class=\"s1\">Si vous souhaitez rejoindre notre \u00e9quipe, merci de nous contacter \u00e0 l\u2019adresse email : <\/span><span class=\"s1\"><a href=\"mailto:info@df-sfb.org.uk\">jeromewalczak@df-sfb.org.uk<\/a><\/span><\/p>\n<p>[\/vc_column_text][\/vc_column][\/vc_row]<\/p>\n","protected":false},"excerpt":{"rendered":"<p>[vc_row][vc_column][vc_column_text]Le Dispensaire Fran\u00e7ais-Soci\u00e9t\u00e9 Fran\u00e7aise de Bienfaisance ne fonctionne que gr\u00e2ce au professionnalisme et au d\u00e9vouement de ses b\u00e9n\u00e9voles. Il en compte 65 (dont 14 Trustees).[\/vc_column_text][vc_message icon_fontawesome=\u00a0\u00bbfa fa-child\u00a0\u00bb]Nous sommes actuellement \u00e0 la recherche de m\u00e9decins g\u00e9n\u00e9ralistes.[\/vc_message][\/vc_column][vc_column][vc_zigzag][cms_heading layout_mode=\u00a0\u00bb2&Prime; text=\u00a0\u00bbEngagement sur-mesure\u00a0\u00bb add_icon=\u00a0\u00bb\u00a0\u00bb][vc_column_text]L\u2019engagement est sur mesure en fonction de votre disponibilit\u00e9 et de vos aspirations. Apporter son aide peut [&hellip;]<\/p>\n","protected":false},"author":1,"featured_media":0,"parent":0,"menu_order":0,"comment_status":"closed","ping_status":"closed","template":"","meta":{"footnotes":""},"class_list":["post-1134","page","type-page","status-publish","hentry"],"_links":{"self":[{"href":"https:\/\/www.df-sfb.org.uk\/fr\/wp-json\/wp\/v2\/pages\/1134","targetHints":{"allow":["GET"]}}],"collection":[{"href":"https:\/\/www.df-sfb.org.uk\/fr\/wp-json\/wp\/v2\/pages"}],"about":[{"href":"https:\/\/www.df-sfb.org.uk\/fr\/wp-json\/wp\/v2\/types\/page"}],"author":[{"embeddable":true,"href":"https:\/\/www.df-sfb.org.uk\/fr\/wp-json\/wp\/v2\/users\/1"}],"replies":[{"embeddable":true,"href":"https:\/\/www.df-sfb.org.uk\/fr\/wp-json\/wp\/v2\/comments?post=1134"}],"version-history":[{"count":26,"href":"https:\/\/www.df-sfb.org.uk\/fr\/wp-json\/wp\/v2\/pages\/1134\/revisions"}],"predecessor-version":[{"id":7274,"href":"https:\/\/www.df-sfb.org.uk\/fr\/wp-json\/wp\/v2\/pages\/1134\/revisions\/7274"}],"wp:attachment":[{"href":"https:\/\/www.df-sfb.org.uk\/fr\/wp-json\/wp\/v2\/media?parent=1134"}],"curies":[{"name":"wp","href":"https:\/\/api.w.org\/{rel}","templated":true}]}}