{"id":1132,"date":"2020-01-27T16:05:40","date_gmt":"2020-01-27T16:05:40","guid":{"rendered":"https:\/\/www.df-sfb.org.uk\/?page_id=1132"},"modified":"2023-10-31T11:44:20","modified_gmt":"2023-10-31T11:44:20","slug":"devenir-partenaire","status":"publish","type":"page","link":"https:\/\/www.df-sfb.org.uk\/fr\/devenir-partenaire\/","title":{"rendered":"Devenir partenaire"},"content":{"rendered":"<p>[vc_row][vc_column][vc_column_text]Depuis plus de 150 ans, le Dispensaire Fran\u00e7ais-Soci\u00e9t\u00e9 Fran\u00e7aise de Bienfaisance est une organisation \u00e0 but non lucratif qui fonctionne essentiellement gr\u00e2ce aux dons de particuliers, d\u2019entreprises ou d\u2019organismes caritatifs, aux subventions du gouvernement fran\u00e7ais et aux produits de son portefeuille.<\/p>\n<p>Company Limited by Guarantee n\u00b0 06470940 \/ Registered Charity n\u00b0 1125579[\/vc_column_text][vc_zigzag][\/vc_column][vc_column][cms_heading layout_mode=\u00a0\u00bb2&Prime; text=\u00a0\u00bbAgissez \u00e0 nos c\u00f4t\u00e9s avec votre entreprise en devenant sponsor du Dispensaire\u00a0\u00bb add_icon=\u00a0\u00bb\u00a0\u00bb][vc_column_text]<\/p>\n<p class=\"p1\"><span class=\"s1\">Vous souhaitez inscrire votre entreprise dans un engagement social et agir aux c\u00f4t\u00e9s du Dispensaire ? En devenant partenaire, vous partagez nos valeurs de solidarit\u00e9 et d\u2019entraide. Ces valeurs porteuses de sens se partagent avec vos collaborateurs, investisseurs et clients.\u00a0<\/span><\/p>\n<p class=\"p1\"><span class=\"s1\">Vous vous associez \u00e0 un partenaire solide, pr\u00e9sent depuis des d\u00e9cennies aux c\u00f4t\u00e9s des Fran\u00e7ais et francophones du Royaume-Uni et partagez nos succ\u00e8s.<\/span><\/p>\n<p>[\/vc_column_text][vc_separator][\/vc_column][vc_column][vc_column_text]<\/p>\n<p class=\"p1\"><span class=\"s1\">Selon le montant de votre donation, en \u00e9change, nous pourrons :<\/span><\/p>\n<ul class=\"ul1\">\n<li class=\"li1\"><span class=\"s2\">Donner \u00e0 une des salles du Dispensaire votre nom ou celui de votre soci\u00e9t\u00e9<\/span><\/li>\n<li class=\"li1\"><span class=\"s1\">Mettre en place une plaque au Dispensaire avec le nom de votre soci\u00e9t\u00e9<\/span><\/li>\n<li class=\"li1\"><span class=\"s1\">Mentionner votre soci\u00e9t\u00e9 sur le site internet du Dispensaire Fran\u00e7ais-Soci\u00e9t\u00e9 Fran\u00e7aise de Bienfaisance et lors de nos \u00e9v\u00e8nements<\/span><\/li>\n<\/ul>\n<p class=\"p1\"><span class=\"s1\">Toutes les donations par des soci\u00e9t\u00e9s sont d\u00e9ductibles des imp\u00f4ts. Les donations par des particuliers entrent dans le cadre du programme <i>Gift Aid<\/i>.<\/span><\/p>\n<p>[\/vc_column_text][\/vc_column][vc_column][vc_zigzag][\/vc_column][vc_column][cms_heading layout_mode=\u00a0\u00bb2&Prime; text=\u00a0\u00bbComment devenir partenaire ?\u00a0\u00bb add_icon=\u00a0\u00bb\u00a0\u00bb][vc_column_text]<\/p>\n<p class=\"p1\"><span class=\"s1\">Pour devenir partenaire, contactez J\u00e9r\u00f4me Walczak, Directeur du Dispensaire Fran\u00e7ais &#8211; Soci\u00e9t\u00e9 Fran\u00e7aise de Bienfaisance : par email \u00e0 l&rsquo;adresse <a href=\"mailto:jeromewalczak@df-sfb.org.uk\">jeromewalczak@df-sfb.org.uk <\/a><\/span><span class=\"s1\">ou par t\u00e9l\u00e9phone au 0208 222 8822.<\/span><\/p>\n<p>[\/vc_column_text][vc_zigzag][\/vc_column][vc_column][cms_heading layout_mode=\u00a0\u00bb2&Prime; text=\u00a0\u00bbNos partenaires et sponsors\u00a0\u00bb add_icon=\u00a0\u00bb\u00a0\u00bb][vc_row_inner css=\u00a0\u00bb.vc_custom_1586120679909{margin-top: 30px !important;}\u00a0\u00bb][vc_column_inner width=\u00a0\u00bb1\/3&Prime;][vc_column_text]<\/p>\n<p class=\"p1\" style=\"text-align: center;\"><span class=\"s1\">Banque Transatlantique<\/span><\/p>\n<p class=\"p1\" style=\"text-align: center;\"><span class=\"s1\">BIODERMA<\/span><\/p>\n<p class=\"p1\" style=\"text-align: center;\"><span class=\"s1\">BNP Paribas<\/span><\/p>\n<p class=\"p2\" style=\"text-align: center;\"><span class=\"s2\"><a href=\"http:\/\/www.fafgb.org\/\">FAFGB<\/a><\/span><\/p>\n<p style=\"text-align: center;\">French Huguenot Church<\/p>\n<p>[\/vc_column_text][\/vc_column_inner][vc_column_inner width=\u00a0\u00bb1\/3&Prime;][vc_column_text]<\/p>\n<p style=\"text-align: center;\">H2O Asset Management<\/p>\n<p style=\"text-align: center;\">International SOS<\/p>\n<p style=\"text-align: center;\">Justice au C\u0153ur<\/p>\n<p style=\"text-align: center;\">La Cave \u00e0 Fromage<\/p>\n<p>[\/vc_column_text][\/vc_column_inner][vc_column_inner width=\u00a0\u00bb1\/3&Prime;][vc_column_text]<\/p>\n<p style=\"text-align: center;\">London Catalyst<\/p>\n<p style=\"text-align: center;\">Londres Accueil<\/p>\n<p style=\"text-align: center;\">Mazars<\/p>\n<p style=\"text-align: center;\">NATIXIS<\/p>\n<p>[\/vc_column_text][\/vc_column_inner][\/vc_row_inner][\/vc_column][\/vc_row][vc_row full_width=\u00a0\u00bbstretch_row\u00a0\u00bb css=\u00a0\u00bb.vc_custom_1589825411234{background-color: #176b85 !important;}\u00a0\u00bb][vc_column offset=\u00a0\u00bbvc_col-lg-6 vc_col-md-6&Prime; css=\u00a0\u00bb.vc_custom_1498120174938{padding-top: 37px !important;padding-bottom: 37px !important;}\u00a0\u00bb el_class=\u00a0\u00bbtext-sm-center\u00a0\u00bb][vc_custom_heading text=\u00a0\u00bbContribuez \u00e0 notre action\u00a0\u00bb font_container=\u00a0\u00bbtag:h3|font_size:40px|text_align:left|color:%23ffffff\u00a0\u00bb google_fonts=\u00a0\u00bbfont_family:Roboto%3A100%2C100italic%2C300%2C300italic%2Cregular%2Citalic%2C500%2C500italic%2C700%2C700italic%2C900%2C900italic|font_style:100%20light%20regular%3A100%3Anormal\u00a0\u00bb css=\u00a0\u00bb.vc_custom_1589825377399{margin-top: 0px !important;margin-bottom: 0px !important;}\u00a0\u00bb][\/vc_column][vc_column el_class=\u00a0\u00bbtext-md-right text-sm-center\u00a0\u00bb offset=\u00a0\u00bbvc_col-lg-6 vc_col-md-6&Prime; css=\u00a0\u00bb.vc_custom_1498119272744{padding-top: 37px !important;padding-bottom: 37px !important;}\u00a0\u00bb][cms_button btn_type=\u00a0\u00bbbtn btn-primary\u00a0\u00bb button_link=\u00a0\u00bburl:http%3A%2F%2Fdev.joomexp.com%2Fwordpress%2Fsp-charityplus5%2F%3Fpage_id%3D57|title:Become%20a%20Volunteer||\u00a0\u00bb values=\u00a0\u00bb%5B%7B%22btn_type%22%3A%22btn%20btn-white%20btn-alt%22%2C%22button_link%22%3A%22url%3A%252Ffr%252Ffaire-un-don%252F%7Ctitle%3AFaire%2520un%2520don%7C%7C%22%7D%5D\u00a0\u00bb][\/vc_column][\/vc_row]<\/p>\n","protected":false},"excerpt":{"rendered":"<p>[vc_row][vc_column][vc_column_text]Depuis plus de 150 ans, le Dispensaire Fran\u00e7ais-Soci\u00e9t\u00e9 Fran\u00e7aise de Bienfaisance est une organisation \u00e0 but non lucratif qui fonctionne essentiellement gr\u00e2ce aux dons de particuliers, d\u2019entreprises ou d\u2019organismes caritatifs, aux subventions du gouvernement fran\u00e7ais et aux produits de son portefeuille. Company Limited by Guarantee n\u00b0 06470940 \/ Registered Charity n\u00b0 1125579[\/vc_column_text][vc_zigzag][\/vc_column][vc_column][cms_heading layout_mode=\u00a0\u00bb2&Prime; text=\u00a0\u00bbAgissez \u00e0 [&hellip;]<\/p>\n","protected":false},"author":1,"featured_media":0,"parent":0,"menu_order":0,"comment_status":"closed","ping_status":"closed","template":"","meta":{"footnotes":""},"class_list":["post-1132","page","type-page","status-publish","hentry"],"_links":{"self":[{"href":"https:\/\/www.df-sfb.org.uk\/fr\/wp-json\/wp\/v2\/pages\/1132","targetHints":{"allow":["GET"]}}],"collection":[{"href":"https:\/\/www.df-sfb.org.uk\/fr\/wp-json\/wp\/v2\/pages"}],"about":[{"href":"https:\/\/www.df-sfb.org.uk\/fr\/wp-json\/wp\/v2\/types\/page"}],"author":[{"embeddable":true,"href":"https:\/\/www.df-sfb.org.uk\/fr\/wp-json\/wp\/v2\/users\/1"}],"replies":[{"embeddable":true,"href":"https:\/\/www.df-sfb.org.uk\/fr\/wp-json\/wp\/v2\/comments?post=1132"}],"version-history":[{"count":20,"href":"https:\/\/www.df-sfb.org.uk\/fr\/wp-json\/wp\/v2\/pages\/1132\/revisions"}],"predecessor-version":[{"id":7293,"href":"https:\/\/www.df-sfb.org.uk\/fr\/wp-json\/wp\/v2\/pages\/1132\/revisions\/7293"}],"wp:attachment":[{"href":"https:\/\/www.df-sfb.org.uk\/fr\/wp-json\/wp\/v2\/media?parent=1132"}],"curies":[{"name":"wp","href":"https:\/\/api.w.org\/{rel}","templated":true}]}}