{"id":1110,"date":"2020-01-27T15:42:00","date_gmt":"2020-01-27T15:42:00","guid":{"rendered":"https:\/\/www.df-sfb.org.uk\/?page_id=1110"},"modified":"2020-04-05T18:22:43","modified_gmt":"2020-04-05T17:22:43","slug":"nous-trouver","status":"publish","type":"page","link":"https:\/\/www.df-sfb.org.uk\/fr\/nous-trouver\/","title":{"rendered":"Nous trouver"},"content":{"rendered":"<p>[vc_row][vc_column][vc_column_text]<span class=\"s1\">Le Dispensaire Fran\u00e7ais &#8211; Soci\u00e9t\u00e9 Fran\u00e7aise de Bienfaisance vous accueille dans des locaux modernes, au centre de Londres, accessibles facilement par m\u00e9tro et autobus.<\/span>[\/vc_column_text][\/vc_column][\/vc_row][vc_row][vc_column width=\u00a0\u00bb1\/2&Prime;][vc_column_text]<\/p>\n<h2 class=\"p3\"><span class=\"s1\">Adresse<\/span><\/h2>\n<p class=\"p3\" style=\"padding-left: 40px;\"><span class=\"s1\">184 Hammersmith Road<br \/>\nLondon W6 7DJ<\/span><\/p>\n<p style=\"padding-left: 40px;\"><a href=\"https:\/\/maps.google.com\/maps?ll=51.493334,-0.220338&amp;z=16&amp;t=m&amp;hl=en&amp;gl=DE&amp;mapclient=embed&amp;daddr=Le%20Dispensaire%20Francais%20-%20Soci%C3%A9t%C3%A9%20Fran%C3%A7aise%20de%20Bienfaisance%20184%20Hammersmith%20Rd%20Hammersmith%2C%20London%20W6%207DJ%20United%20Kingdom@51.4933336,-0.2203384\" target=\"_blank\" rel=\"noopener noreferrer\">Cliquez ici pour planifier votre itin\u00e9raire via Google Maps.<\/a><\/p>\n<p>[\/vc_column_text][vc_separator][vc_column_text]<\/p>\n<h2>Transports en commun<\/h2>\n<p class=\"p3\" style=\"padding-left: 40px;\"><span class=\"s1\">M\u00e9tro\u00a0: Circle, Hammersmith and City, District et Piccadilly Lines<\/span><\/p>\n<p class=\"p3\" style=\"padding-left: 40px;\"><span class=\"s1\">Bus\u00a0: 9, 23, 27, 28, 72, 190, 211, 220, 266, 267, 283, 295, 391, 533, H91<\/span><\/p>\n<p style=\"padding-left: 40px;\"><a href=\"https:\/\/tfl.gov.uk\/plan-a-journey\/\" target=\"_blank\" rel=\"noopener noreferrer\">Cliquez ici pour planifier votre itin\u00e9raire via le site de Transport For London.<\/a><\/p>\n<p>[\/vc_column_text][\/vc_column][vc_column width=\u00a0\u00bb1\/2&Prime;][vc_gmaps link=\u00a0\u00bb#E-8_JTNDaWZyYW1lJTIwc3JjJTNEJTIyaHR0cHMlM0ElMkYlMkZ3d3cuZ29vZ2xlLmNvbSUyRm1hcHMlMkZlbWJlZCUzRnBiJTNEJTIxMW0xOCUyMTFtMTIlMjExbTMlMjExZDI0ODQuMDgzNTg2OTI5MjU3MyUyMTJkLTAuMjIyNTI3MDgzODY5NjA0MTMlMjEzZDUxLjQ5MzMzMzU3OTYzMjcyJTIxMm0zJTIxMWYwJTIxMmYwJTIxM2YwJTIxM20yJTIxMWkxMDI0JTIxMmk3NjglMjE0ZjEzLjElMjEzbTMlMjExbTIlMjExczB4NDg3NjBmYjg3MDgxOWI4MSUyNTNBMHgxY2RlNGFlMDUzMWNkYzQzJTIxMnNMZSUyNTIwRGlzcGVuc2FpcmUlMjUyMEZyYW5jYWlzJTI1MjAtJTI1MjBTb2NpJTI1QzMlMjVBOXQlMjVDMyUyNUE5JTI1MjBGcmFuJTI1QzMlMjVBN2Fpc2UlMjUyMGRlJTI1MjBCaWVuZmFpc2FuY2UlMjE1ZTAlMjEzbTIlMjExc2VuJTIxMnNkZSUyMTR2MTU4NjEwNTg1OTU2NiUyMTVtMiUyMTFzZW4lMjEyc2RlJTIyJTIwd2lkdGglM0QlMjI2MDAlMjIlMjBoZWlnaHQlM0QlMjI0NTAlMjIlMjBmcmFtZWJvcmRlciUzRCUyMjAlMjIlMjBzdHlsZSUzRCUyMmJvcmRlciUzQTAlM0IlMjIlMjBhbGxvd2Z1bGxzY3JlZW4lM0QlMjIlMjIlMjBhcmlhLWhpZGRlbiUzRCUyMmZhbHNlJTIyJTIwdGFiaW5kZXglM0QlMjIwJTIyJTNFJTNDJTJGaWZyYW1lJTNF\u00a0\u00bb css_animation=\u00a0\u00bbfadeIn\u00a0\u00bb][\/vc_column][\/vc_row]<\/p>\n","protected":false},"excerpt":{"rendered":"<p>[vc_row][vc_column][vc_column_text]Le Dispensaire Fran\u00e7ais &#8211; Soci\u00e9t\u00e9 Fran\u00e7aise de Bienfaisance vous accueille dans des locaux modernes, au centre de Londres, accessibles facilement par m\u00e9tro et autobus.[\/vc_column_text][\/vc_column][\/vc_row][vc_row][vc_column width=\u00a0\u00bb1\/2&Prime;][vc_column_text] Adresse 184 Hammersmith Road London W6 7DJ Cliquez ici pour planifier votre itin\u00e9raire via Google Maps. [\/vc_column_text][vc_separator][vc_column_text] Transports en commun M\u00e9tro\u00a0: Circle, Hammersmith and City, District et Piccadilly Lines Bus\u00a0: [&hellip;]<\/p>\n","protected":false},"author":1,"featured_media":0,"parent":0,"menu_order":0,"comment_status":"closed","ping_status":"closed","template":"","meta":{"footnotes":""},"class_list":["post-1110","page","type-page","status-publish","hentry"],"_links":{"self":[{"href":"https:\/\/www.df-sfb.org.uk\/fr\/wp-json\/wp\/v2\/pages\/1110","targetHints":{"allow":["GET"]}}],"collection":[{"href":"https:\/\/www.df-sfb.org.uk\/fr\/wp-json\/wp\/v2\/pages"}],"about":[{"href":"https:\/\/www.df-sfb.org.uk\/fr\/wp-json\/wp\/v2\/types\/page"}],"author":[{"embeddable":true,"href":"https:\/\/www.df-sfb.org.uk\/fr\/wp-json\/wp\/v2\/users\/1"}],"replies":[{"embeddable":true,"href":"https:\/\/www.df-sfb.org.uk\/fr\/wp-json\/wp\/v2\/comments?post=1110"}],"version-history":[{"count":10,"href":"https:\/\/www.df-sfb.org.uk\/fr\/wp-json\/wp\/v2\/pages\/1110\/revisions"}],"predecessor-version":[{"id":5160,"href":"https:\/\/www.df-sfb.org.uk\/fr\/wp-json\/wp\/v2\/pages\/1110\/revisions\/5160"}],"wp:attachment":[{"href":"https:\/\/www.df-sfb.org.uk\/fr\/wp-json\/wp\/v2\/media?parent=1110"}],"curies":[{"name":"wp","href":"https:\/\/api.w.org\/{rel}","templated":true}]}}