{"id":1106,"date":"2020-01-27T15:40:42","date_gmt":"2020-01-27T15:40:42","guid":{"rendered":"https:\/\/www.df-sfb.org.uk\/?page_id=1106"},"modified":"2020-04-20T08:24:14","modified_gmt":"2020-04-20T07:24:14","slug":"aide-sociale-lutte-contre-la-solitude-et-lisolement","status":"publish","type":"page","link":"https:\/\/www.df-sfb.org.uk\/fr\/aide-sociale-lutte-contre-la-solitude-et-lisolement\/","title":{"rendered":"Lutte contre la solitude et l&rsquo;isolement"},"content":{"rendered":"<p>[vc_row][vc_column][vc_column_text]La lutte contre la solitude et l\u2019isolement des personnes \u00e2g\u00e9es est au c\u0153ur de l\u2019histoire du Dispensaire Fran\u00e7ais \/ Soci\u00e9t\u00e9 Fran\u00e7aise de Bienfaisance et se traduit de la mani\u00e8re suivante\u00a0:[\/vc_column_text][\/vc_column][vc_column][cms_heading layout_mode=\u00a0\u00bb2&Prime; text=\u00a0\u00bbDes visites \u00e0 domicile pour maintenir un lien social\u00a0\u00bb add_icon=\u00a0\u00bb\u00a0\u00bb][vc_column_text]Une \u00e9quipe de b\u00e9n\u00e9voles assure des visites \u00e0 domicile aupr\u00e8s de personnes \u00e2g\u00e9es isol\u00e9es, ne pouvant plus se d\u00e9placer et heureuses d\u2019avoir de la compagnie. En rendant visite \u00e0 ces personnes, les b\u00e9n\u00e9voles cr\u00e9ent une relation de confiance, un rep\u00e8re dans le temps et une ouverture vers l\u2019ext\u00e9rieur.[\/vc_column_text][\/vc_column][vc_column][vc_zigzag][\/vc_column][vc_column][cms_heading layout_mode=\u00a0\u00bb2&Prime; text=\u00a0\u00bbLe club\u00a0\u00bb add_icon=\u00a0\u00bb\u00a0\u00bb][vc_column_text]Chaque premier jeudi du mois, les membres du club, principalement des personnes retrait\u00e9es, se r\u00e9unissent autour d\u2019un d\u00e9jeuner et partagent avec l\u2019\u00e9quipe de b\u00e9n\u00e9voles responsables des activit\u00e9s, parlent de sujets choisis en commun o\u00f9 chacun s\u2019exprime librement et retrouvent la joie d\u2019\u00eatre ensemble. Parfois, des professionnels interviennent pour donner des conseils (kin\u00e9sith\u00e9rapie, di\u00e9t\u00e9tique, bien-\u00eatre\u2026)<br \/>\nChaque ann\u00e9e, un grand d\u00e9jeuner de No\u00ebl du club r\u00e9unit une quarantaine de participants heureux de partager ce moment de convivialit\u00e9.[\/vc_column_text][vc_single_image image=\u00a0\u00bb5352&Prime; img_size=\u00a0\u00bblarge\u00a0\u00bb alignment=\u00a0\u00bbcenter\u00a0\u00bb][\/vc_column][\/vc_row]<\/p>\n","protected":false},"excerpt":{"rendered":"<p>[vc_row][vc_column][vc_column_text]La lutte contre la solitude et l\u2019isolement des personnes \u00e2g\u00e9es est au c\u0153ur de l\u2019histoire du Dispensaire Fran\u00e7ais \/ Soci\u00e9t\u00e9 Fran\u00e7aise de Bienfaisance et se traduit de la mani\u00e8re suivante\u00a0:[\/vc_column_text][\/vc_column][vc_column][cms_heading layout_mode=\u00a0\u00bb2&Prime; text=\u00a0\u00bbDes visites \u00e0 domicile pour maintenir un lien social\u00a0\u00bb add_icon=\u00a0\u00bb\u00a0\u00bb][vc_column_text]Une \u00e9quipe de b\u00e9n\u00e9voles assure des visites \u00e0 domicile aupr\u00e8s de personnes \u00e2g\u00e9es isol\u00e9es, ne [&hellip;]<\/p>\n","protected":false},"author":1,"featured_media":0,"parent":0,"menu_order":0,"comment_status":"closed","ping_status":"closed","template":"","meta":{"footnotes":""},"class_list":["post-1106","page","type-page","status-publish","hentry"],"_links":{"self":[{"href":"https:\/\/www.df-sfb.org.uk\/fr\/wp-json\/wp\/v2\/pages\/1106","targetHints":{"allow":["GET"]}}],"collection":[{"href":"https:\/\/www.df-sfb.org.uk\/fr\/wp-json\/wp\/v2\/pages"}],"about":[{"href":"https:\/\/www.df-sfb.org.uk\/fr\/wp-json\/wp\/v2\/types\/page"}],"author":[{"embeddable":true,"href":"https:\/\/www.df-sfb.org.uk\/fr\/wp-json\/wp\/v2\/users\/1"}],"replies":[{"embeddable":true,"href":"https:\/\/www.df-sfb.org.uk\/fr\/wp-json\/wp\/v2\/comments?post=1106"}],"version-history":[{"count":9,"href":"https:\/\/www.df-sfb.org.uk\/fr\/wp-json\/wp\/v2\/pages\/1106\/revisions"}],"predecessor-version":[{"id":5354,"href":"https:\/\/www.df-sfb.org.uk\/fr\/wp-json\/wp\/v2\/pages\/1106\/revisions\/5354"}],"wp:attachment":[{"href":"https:\/\/www.df-sfb.org.uk\/fr\/wp-json\/wp\/v2\/media?parent=1106"}],"curies":[{"name":"wp","href":"https:\/\/api.w.org\/{rel}","templated":true}]}}