{"id":1102,"date":"2020-01-27T15:39:34","date_gmt":"2020-01-27T15:39:34","guid":{"rendered":"https:\/\/www.df-sfb.org.uk\/?page_id=1102"},"modified":"2023-10-23T11:37:30","modified_gmt":"2023-10-23T10:37:30","slug":"les-consultations-au-dispensaire","status":"publish","type":"page","link":"https:\/\/www.df-sfb.org.uk\/fr\/les-consultations-au-dispensaire\/","title":{"rendered":"Les consultations au Dispensaire"},"content":{"rendered":"<p>[vc_row][vc_column][vc_column_text]<\/p>\n<p class=\"p3\"><span class=\"s1\">Nos <a href=\"https:\/\/www.df-sfb.org.uk\/fr\/notre-equipe\/\" target=\"_blank\" rel=\"noopener noreferrer\">professionnels de sant\u00e9<\/a> <\/span><span class=\"s1\">re\u00e7oivent sur rendez-vous pour des consultations en <\/span><span class=\"s3\">m\u00e9decine g\u00e9n\u00e9rale, dermatologie, gyn\u00e9cologie, kin\u00e9sith\u00e9rapie, nutrition, orthophonie, ost\u00e9opathie, oto-rhino-laryngologie, psychiatrie, psychologie, psychomotricit\u00e9, psychoth\u00e9rapie et soins infirmiers.<\/span><\/p>\n<p>[\/vc_column_text][vc_single_image image=\u00a0\u00bb5025&Prime; img_size=\u00a0\u00bblarge\u00a0\u00bb alignment=\u00a0\u00bbcenter\u00a0\u00bb][vc_column_text]Tous nos professionnels de sant\u00e9 sont qualifi\u00e9s et inscrits dans leurs conseils de l\u2019ordre respectifs. Le Dispensaire Fran\u00e7ais est r\u00e9gul\u00e9 par la <em><a href=\"https:\/\/www.cqc.org.uk\/\" target=\"_blank\" rel=\"noopener noreferrer\">Care Quality Commission<\/a><\/em> (Commission de Qualit\u00e9 des Soins), le r\u00e9gulateur gouvernemental du secteur des services de sant\u00e9 au Royaume-Uni.<\/p>\n<p>Lors de sa derni\u00e8re inspection au mois d\u2019octobre 2019, la CQC a attribu\u00e9 au Dispensaire Fran\u00e7ais une tr\u00e8s bonne note dans tous les domaines : s\u00e9curit\u00e9, efficacit\u00e9, r\u00e9activit\u00e9, qualit\u00e9 des soins et direction, et ce, pour la deuxi\u00e8me ann\u00e9e cons\u00e9cutive. Cette qualit\u00e9 exemplaire est maintenue gr\u00e2ce \u00e0 une direction m\u00e9dicale efficace et coh\u00e9rente et des praticiens du plus haut niveau.[\/vc_column_text][vc_zigzag][\/vc_column][vc_column][cms_heading layout_mode=\u00a0\u00bb2&Prime; text=\u00a0\u00bbPrise de rendez-vous\u00a0\u00bb add_icon=\u00a0\u00bb\u00a0\u00bb][cms_heading text=\u00a0\u00bbCo\u00fbt et inscription au Dispensaire\u00a0\u00bb font_container=\u00a0\u00bbtag:h3&Prime; add_icon=\u00a0\u00bb\u00a0\u00bb][vc_column_text]Nos professionnels de sant\u00e9 sont tous b\u00e9n\u00e9voles.<\/p>\n<p>L\u2019inscription au Dispensaire se fait pour une dur\u00e9e de 12 mois en \u00e9change d\u2019une cotisation de \u00a310. Chaque consultation co\u00fbte ensuite \u00a310. L\u2019inscription se fera lors du premier rendez-vous.<\/p>\n<p>En cas de situation exceptionnelle, il est possible d\u2019obtenir la gratuit\u00e9 de la cotisation et des soins.<\/p>\n<p>Pour les probl\u00e8mes chroniques, de plus de 3 mois ou avec consultation ant\u00e9rieure, merci d\u2019apporter votre dossier m\u00e9dical et les r\u00e9sultats d\u2019analyses.<\/p>\n<p>Nous ne sommes pas en mesure de proposer l\u2019imagerie m\u00e9dicale, les examens extensifs, ni les traitements \u00e0 long terme. Si n\u00e9cessaire, nous r\u00e9orientons les patients vers le\u00a0NHS.[\/vc_column_text][cms_heading layout_mode=\u00a0\u00bb2&Prime; text=\u00a0\u00bbAssistance et accessibilit\u00e9 pour les personnes en situation de handicap\u00a0\u00bb font_container=\u00a0\u00bbtag:h3&Prime; add_icon=\u00a0\u00bb\u00a0\u00bb][vc_column_text]Si vous avez besoin d\u2019une assistance particuli\u00e8re, n\u2019h\u00e9sitez pas \u00e0 nous en parler au pr\u00e9alable afin que l\u2019on puisse vous accueillir dans les meilleures conditions.[\/vc_column_text][vc_zigzag][\/vc_column][\/vc_row][vc_row][vc_column][cms_heading text=\u00a0\u00bbQuand ?\u00a0\u00bb add_icon=\u00a0\u00bb\u00a0\u00bb][vc_column_text]Le Dispensaire est ouvert du lundi au jeudi de 9 h \u00e0 17 h et le vendredi de 9 h \u00e0 16 h.<\/p>\n<p>Les consultations ont lieu uniquement sur rendez-vous, contactez-nous au 020 8222 8822.[\/vc_column_text][vc_separator][vc_column_text]<strong>En dehors des horaires d\u2019ouverture :<\/strong>[\/vc_column_text][vc_row_inner][vc_column_inner width=\u00a0\u00bb1\/2&Prime;][vc_column_text]<\/p>\n<p class=\"p3\" style=\"text-align: center;\"><strong><span class=\"s1\">NHS 111<\/span><\/strong><\/p>\n<p class=\"p3\" style=\"text-align: center;\"><span class=\"s1\">En appelant le 111 vous obtenez des informations sur les services du NHS pr\u00e8s de chez vous ainsi qu\u2019une aide m\u00e9dicale. Ce n\u2019est pas un num\u00e9ro d\u2019urgence.<\/span><\/p>\n<p class=\"p3\" style=\"text-align: center;\"><span class=\"s1\">Fonctionne 24 heures sur 24 et 365 jours par an.<\/span><\/p>\n<p class=\"p3\" style=\"text-align: center;\"><span class=\"s1\">Les appels sont gratuits.<\/span><\/p>\n<p>[\/vc_column_text][\/vc_column_inner][vc_column_inner width=\u00a0\u00bb1\/2&Prime; css=\u00a0\u00bb.vc_custom_1586115559135{background-color: #ffcece !important;}\u00a0\u00bb][vc_column_text]<\/p>\n<p class=\"p3\" style=\"text-align: center;\"><strong><span class=\"s1\">En cas d\u2019urgence, appelez le 999.<\/span><\/strong><\/p>\n<p class=\"p3\" style=\"text-align: center;\"><span class=\"s1\">Fonctionne 24 heures sur 24 et 365 jours par an.<\/span><\/p>\n<p class=\"p3\" style=\"text-align: center;\"><span class=\"s1\">Les appels sont gratuits.<\/span><\/p>\n<p>[\/vc_column_text][\/vc_column_inner][\/vc_row_inner][vc_zigzag][\/vc_column][\/vc_row][vc_row][vc_column][cms_heading text=\u00a0\u00bbO\u00f9 ?\u00a0\u00bb add_icon=\u00a0\u00bb\u00a0\u00bb][vc_row_inner][vc_column_inner width=\u00a0\u00bb1\/2&Prime;][vc_column_text]<\/p>\n<p class=\"p1\"><span class=\"s1\">Le Dispensaire vous accueille dans des locaux modernes, au centre de Londres, accessibles facilement par m\u00e9tro et autobus.<\/span><\/p>\n<p class=\"p1\"><span class=\"s1\"><b>Adresse<\/b><\/span><\/p>\n<p class=\"p1\"><span class=\"s1\">184 Hammersmith Road<br \/>\nLondon W6 7DJ<\/span><\/p>\n<p class=\"p1\"><strong><span class=\"s1\">M\u00e9tro<\/span><\/strong><\/p>\n<p class=\"p1\"><span class=\"s1\">Circle, Hammersmith and City, District et Piccadilly Lines<\/span><\/p>\n<p class=\"p1\"><strong><span class=\"s1\">Bus<\/span><\/strong><\/p>\n<p class=\"p1\"><span class=\"s1\">9, 23, 27, 28, 72, 190, 211, 220, 266, 267, 283, 295, 391, 533, H91.<\/span><\/p>\n<p>[\/vc_column_text][\/vc_column_inner][vc_column_inner width=\u00a0\u00bb1\/2&Prime;][vc_gmaps link=\u00a0\u00bb#E-8_aHR0cHMlM0ElMkYlMkZ3d3cuZ29vZ2xlLmNvbSUyRm1hcHMlMkZlbWJlZCUzRnBiJTNEJTIxMW0xOCUyMTFtMTIlMjExbTMlMjExZDI0ODQuMDgzNTg2OTI5MjU3MyUyMTJkLTAuMjIyNTI3MDgzODY5NjA0MTMlMjEzZDUxLjQ5MzMzMzU3OTYzMjcyJTIxMm0zJTIxMWYwJTIxMmYwJTIxM2YwJTIxM20yJTIxMWkxMDI0JTIxMmk3NjglMjE0ZjEzLjElMjEzbTMlMjExbTIlMjExczB4NDg3NjBmYjg3MDgxOWI4MSUyNTNBMHgxY2RlNGFlMDUzMWNkYzQzJTIxMnNMZSUyNTIwRGlzcGVuc2FpcmUlMjUyMEZyYW5jYWlzJTI1MjAtJTI1MjBTb2NpJTI1QzMlMjVBOXQlMjVDMyUyNUE5JTI1MjBGcmFuJTI1QzMlMjVBN2Fpc2UlMjUyMGRlJTI1MjBCaWVuZmFpc2FuY2UlMjE1ZTAlMjEzbTIlMjExc2VuJTIxMnNkZSUyMTR2MTU4NjEwNTg1OTU2NiUyMTVtMiUyMTFzZW4lMjEyc2Rl\u00a0\u00bb size=\u00a0\u00bb\u00a0\u00bb][\/vc_column_inner][\/vc_row_inner][\/vc_column][\/vc_row][vc_row][vc_column][vc_zigzag][cms_heading text=\u00a0\u00bbBesoin d\u2019aide pour les 13-25 ans\u00a0\u00bb add_icon=\u00a0\u00bb\u00a0\u00bb][vc_row_inner][vc_column_inner width=\u00a0\u00bb1\/2&Prime;][vc_column_text]<\/p>\n<p class=\"p1\"><span class=\"s1\">Mal-\u00eatre, nutrition, harc\u00e8lement, addiction, amour, sexualit\u00e9, dermatologie<\/span><\/p>\n<p class=\"p2\"><span class=\"s2\">Espace Sant\u00e9 Jeunes :\u00a0<a href=\"https:\/\/espacesantejeunes.org.uk\/fr\/\"><span class=\"s3\">https:\/\/espacesantejeunes.org.uk\/fr\/<\/span><\/a><\/span><\/p>\n<ul class=\"ul1\">\n<li class=\"li3\"><span class=\"s4\">Gratuit<\/span><\/li>\n<li class=\"li3\"><span class=\"s4\">Confidentiel<\/span><\/li>\n<li class=\"li3\"><span class=\"s4\">Sans rendez-vous<\/span><\/li>\n<li class=\"li3\"><span class=\"s4\">Permanence assur\u00e9e par deux professionnels de sant\u00e9 : un-e psychologue et une infirmi\u00e8re<\/span><\/li>\n<li class=\"li3\">Orientation vers d\u2019autres professionnels du Dispensaire <span class=\"s1\">(M\u00e9decin g\u00e9n\u00e9raliste, gyn\u00e9cologue, nutritionniste, dermatologue, infirmi\u00e8re, psychiatre\u2026)<\/span><\/li>\n<li class=\"li3\">Ou vers des services de sant\u00e9 britanniques.<\/li>\n<\/ul>\n<p class=\"p1\"><span class=\"s1\">Chaque vendredi de 12h \u00e0 15h.<\/span><\/p>\n<p class=\"p4\"><span class=\"s1\">Dans nos locaux.<\/span><\/p>\n<p>[\/vc_column_text][\/vc_column_inner][vc_column_inner width=\u00a0\u00bb1\/2&Prime;][vc_single_image image=\u00a0\u00bb5118&Prime; img_size=\u00a0\u00bblarge\u00a0\u00bb alignment=\u00a0\u00bbcenter\u00a0\u00bb onclick=\u00a0\u00bbcustom_link\u00a0\u00bb img_link_target=\u00a0\u00bb_blank\u00a0\u00bb link=\u00a0\u00bbhttps:\/\/espacesantejeunes.org.uk\/fr\/\u00a0\u00bb][\/vc_column_inner][\/vc_row_inner][\/vc_column][\/vc_row]<\/p>\n","protected":false},"excerpt":{"rendered":"<p>[vc_row][vc_column][vc_column_text] Nos professionnels de sant\u00e9 re\u00e7oivent sur rendez-vous pour des consultations en m\u00e9decine g\u00e9n\u00e9rale, dermatologie, gyn\u00e9cologie, kin\u00e9sith\u00e9rapie, nutrition, orthophonie, ost\u00e9opathie, oto-rhino-laryngologie, psychiatrie, psychologie, psychomotricit\u00e9, psychoth\u00e9rapie et soins infirmiers. [\/vc_column_text][vc_single_image image=\u00a0\u00bb5025&Prime; img_size=\u00a0\u00bblarge\u00a0\u00bb alignment=\u00a0\u00bbcenter\u00a0\u00bb][vc_column_text]Tous nos professionnels de sant\u00e9 sont qualifi\u00e9s et inscrits dans leurs conseils de l\u2019ordre respectifs. Le Dispensaire Fran\u00e7ais est r\u00e9gul\u00e9 par la Care Quality [&hellip;]<\/p>\n","protected":false},"author":1,"featured_media":0,"parent":0,"menu_order":0,"comment_status":"closed","ping_status":"closed","template":"","meta":{"footnotes":""},"class_list":["post-1102","page","type-page","status-publish","hentry"],"_links":{"self":[{"href":"https:\/\/www.df-sfb.org.uk\/fr\/wp-json\/wp\/v2\/pages\/1102","targetHints":{"allow":["GET"]}}],"collection":[{"href":"https:\/\/www.df-sfb.org.uk\/fr\/wp-json\/wp\/v2\/pages"}],"about":[{"href":"https:\/\/www.df-sfb.org.uk\/fr\/wp-json\/wp\/v2\/types\/page"}],"author":[{"embeddable":true,"href":"https:\/\/www.df-sfb.org.uk\/fr\/wp-json\/wp\/v2\/users\/1"}],"replies":[{"embeddable":true,"href":"https:\/\/www.df-sfb.org.uk\/fr\/wp-json\/wp\/v2\/comments?post=1102"}],"version-history":[{"count":27,"href":"https:\/\/www.df-sfb.org.uk\/fr\/wp-json\/wp\/v2\/pages\/1102\/revisions"}],"predecessor-version":[{"id":7265,"href":"https:\/\/www.df-sfb.org.uk\/fr\/wp-json\/wp\/v2\/pages\/1102\/revisions\/7265"}],"wp:attachment":[{"href":"https:\/\/www.df-sfb.org.uk\/fr\/wp-json\/wp\/v2\/media?parent=1102"}],"curies":[{"name":"wp","href":"https:\/\/api.w.org\/{rel}","templated":true}]}}