{"id":1097,"date":"2020-01-27T15:35:24","date_gmt":"2020-01-27T15:35:24","guid":{"rendered":"https:\/\/www.df-sfb.org.uk\/?page_id=1097"},"modified":"2020-09-18T14:29:27","modified_gmt":"2020-09-18T13:29:27","slug":"aide-medicale-le-systeme-de-sante-au-royaume-uni","status":"publish","type":"page","link":"https:\/\/www.df-sfb.org.uk\/fr\/aide-medicale-le-systeme-de-sante-au-royaume-uni\/","title":{"rendered":"Le syst\u00e8me de sant\u00e9 au Royaume-Uni"},"content":{"rendered":"<p>[vc_row][vc_column][cms_heading layout_mode=\u00a0\u00bb2&Prime; text=\u00a0\u00bbLe syst\u00e8me de sant\u00e9 anglais, comment \u00e7a marche ?\u00a0\u00bb add_icon=\u00a0\u00bb\u00a0\u00bb][vc_column_text]<\/p>\n<p class=\"p1\"><span>Le syst\u00e8me de sant\u00e9 anglais est en majorit\u00e9 public, g\u00e9r\u00e9 par un organisme unique le\u00a0<\/span><i>National Health Service<\/i><span> (NHS).<\/span><\/p>\n<p class=\"p1\"><span>Il est compl\u00e8tement gratuit pour toutes les personnes r\u00e9sidentes sur le sol anglais en ce qui concerne les soins primaires\u00a0: m\u00e9decine g\u00e9n\u00e9rale, sant\u00e9 sexuelle et reproductive, urgences.<\/span><\/p>\n<p>[\/vc_column_text][\/vc_column][vc_column][vc_zigzag][\/vc_column][\/vc_row][vc_row][vc_column][cms_heading layout_mode=\u00a0\u00bb2&Prime; text=\u00a0\u00bbRapport sexuel non-prot\u00e9g\u00e9\u00a0\u00bb add_icon=\u00a0\u00bb\u00a0\u00bb][vc_column_text]<\/p>\n<p class=\"p1\"><span class=\"s1\">Vous pouvez consulter dans une<span>\u00a0<\/span><i>GUM Clinic<\/i><span>\u00a0<\/span>ou<span>\u00a0<\/span><i>Sexual Health Clinic<\/i><span>\u00a0<\/span>qui sont ouvertes \u00e0 tous, quelle que soit votre nationalit\u00e9 et \/ ou la dur\u00e9e de votre s\u00e9jour. Vous aurez gratuitement acc\u00e8s aux tests VIH et h\u00e9patite et \u00e0 un traitement d\u2019urgence en cas de besoin\u00a0; \u00e0 une contraception d\u2019urgence\u00a0; des pr\u00e9servatifs gratuits, des tests et suivi en cas d\u2019agression sexuelle.<\/span><\/p>\n<p class=\"p3\"><span class=\"s3\">Pour trouver une<span>\u00a0<\/span><i>Sexual Health Clinic<\/i><span>\u00a0<\/span>pr\u00e8s de chez vous, visitez<span>\u00a0<\/span><a href=\"https:\/\/www.nhs.uk\/Service-Search\/Sexual%20health%20services\/LocationSearch\/1847\" target=\"_blank\" rel=\"noopener noreferrer\">le site du NHS<\/a><i>.<\/i><\/span><\/p>\n<p>[\/vc_column_text][\/vc_column][vc_column][vc_zigzag][\/vc_column][\/vc_row][vc_row][vc_column][cms_heading layout_mode=\u00a0\u00bb2&Prime; text=\u00a0\u00bbSituation m\u00e9dicale d\u2019urgence\u00a0\u00bb add_icon=\u00a0\u00bb\u00a0\u00bb][vc_column_text]<\/p>\n<p class=\"p1\"><span class=\"s1\">Vous pouvez vous pr\u00e9senter aux urgences hospitali\u00e8res (<i>Accident &amp; Emergencies<span>\u00a0<\/span><\/i>ou<i><span>\u00a0<\/span>A&amp;E<\/i>) \u00e0 tout moment.<\/span><\/p>\n<p class=\"p1\"><span class=\"s1\"><b>Pour les urgences vitales, appelez le 999. Une ambulance ou un \u00e9quivalent du SAMU peut vous \u00eatre envoy\u00e9 si n\u00e9cessaire.<\/b><\/span><\/p>\n<p>[\/vc_column_text][\/vc_column][vc_column][vc_zigzag][\/vc_column][\/vc_row][vc_row][vc_column][cms_heading text=\u00a0\u00bbR\u00e9sidence au Royaume-Uni\u00a0\u00bb add_icon=\u00a0\u00bb\u00a0\u00bb][vc_column_text]<\/p>\n<p class=\"p1\"><span class=\"s1\">Si vous envisagez de r\u00e9sider au Royaume-Uni pendant plusieurs mois ou ann\u00e9es, alors pensez \u00e0 vous enregistrer dans un cabinet m\u00e9dical (<i>GP surgery<\/i>) dans votre quartier en vous pr\u00e9sentant avec une pi\u00e8ce d\u2019identit\u00e9 et une preuve d\u2019adresse.<\/span><\/p>\n<p class=\"p1\"><span class=\"s1\">Le cabinet ou\u00a0<i>surgery<\/i>\u00a0\u00e9tablira votre dossier m\u00e9dical \u00e0 l\u2019aide d\u2019un questionnaire et souvent d\u2019un rendez-vous avec une infirmi\u00e8re. Votre dossier sera accessible par tous les m\u00e9decins du NHS qui s\u2019occupent de vous (sp\u00e9cialistes, urgences, examens compl\u00e9mentaires\u2026)<\/span><\/p>\n<p class=\"p1\"><span class=\"s1\">Toutes les consultations et examens compl\u00e9mentaires du NHS (IRM, radiographie, \u00e9cographie, analyses pathologiques\u2026) sont gratuits. Pour les prescriptions de m\u00e9dicaments r\u00e9dig\u00e9es par un m\u00e9decin du NHS, vous devrez payer un prix fixe de \u00a39.15 par m\u00e9dicament. Pour les moins de 16 ans (ou 18 en <i>full time education<\/i>), les personnes \u00e0 faibles revenus, les personnes de plus de 60 ans et les femmes enceintes la d\u00e9livrance des m\u00e9dicaments est gratuite.<span class=\"Apple-converted-space\">\u00a0 \u00a0<\/span><\/span><\/p>\n<p class=\"p1\"><span class=\"s1\">Pour consulter un sp\u00e9cialiste, vous devez obligatoirement \u00eatre recommand\u00e9 (<i>referral<\/i>) par votre m\u00e9decin g\u00e9n\u00e9raliste.<\/span><\/p>\n<p>[\/vc_column_text][\/vc_column][vc_column][vc_zigzag][\/vc_column][\/vc_row][vc_row][vc_column][cms_heading layout_mode=\u00a0\u00bb2&Prime; text=\u00a0\u00bbS\u00e9jour de courte dur\u00e9e\u00a0\u00bb add_icon=\u00a0\u00bb\u00a0\u00bb][vc_column_text]<\/p>\n<p class=\"p1\"><span class=\"s1\">Si vous pr\u00e9voyez de s\u00e9journer au UK pour une courte dur\u00e9e ou d\u2019y vivre pendant moins d\u2019un an, demandez votre\u00a0<b>carte europ\u00e9enne d\u2019assurance maladie<\/b><span>\u00a0<\/span>avant votre d\u00e9part de France aupr\u00e8s de la s\u00e9curit\u00e9 sociale fran\u00e7aise. Elle est gratuite et vous permet d\u2019acc\u00e9der sans soucis et sans frais au NHS. Elle se demande en ligne en cr\u00e9ant votre compte sur<span>\u00a0<\/span><a href=\"https:\/\/www.ameli.fr\/\" target=\"_blank\" rel=\"noopener noreferrer\">Ameli.fr<\/a><\/span><span class=\"s2\">\u00a0<\/span><span class=\"s1\">et est valable un an.<\/span><\/p>\n<p class=\"p1\"><span class=\"s1\">Si vous avez besoin de voir un m\u00e9decin<b>,<span>\u00a0<\/span><\/b>vous pouvez aller consulter dans un\u00a0<b><i>walk-in centre<\/i><span>\u00a0<\/span><\/b>pour une consultation de m\u00e9decine g\u00e9n\u00e9rale.<\/span><\/p>\n<p class=\"p1\"><span class=\"s1\"><b>Attention<\/b>, depuis d\u00e9but 2014, il est important de venir au Royaume-Uni avec sa carte europ\u00e9enne d\u2019assurance maladie. Les tarifs de consultation dans les<span>\u00a0<\/span><em>walk-in centres<\/em><span>\u00a0<\/span>varient entre \u00a360 et \u00a375 si le patient n\u2019a pas de carte ou n\u2019est pas inscrit chez un m\u00e9decin g\u00e9n\u00e9raliste au Royaume-Uni.<\/span><\/p>\n<p class=\"p1\"><span class=\"s1\">Vous pouvez aussi consulter un\u00a0<b>m\u00e9decin du secteur priv\u00e9<\/b>\u00a0\u00e0 votre convenance et \u00e0 vos frais mais les tarifs sont souvent au-del\u00e0 de \u00a3100-120 pour une consultation.<\/span><\/p>\n<p>[\/vc_column_text][\/vc_column][vc_column][vc_zigzag][\/vc_column][\/vc_row][vc_row][vc_column][cms_heading layout_mode=\u00a0\u00bb2&Prime; text=\u00a0\u00bbProbl\u00e8me de sant\u00e9 passager\u00a0\u00bb add_icon=\u00a0\u00bb\u00a0\u00bb][vc_column_text]<\/p>\n<p class=\"p1\"><span class=\"s1\">Au Royaume-Uni, un grand nombre de m\u00e9dicaments sont en vente libre et sans ordonnance en pharmacie (<i>chemist<\/i>,\u00a0par exemple\u00a0: Boots), en grande surface (Sainsbury, Tesco) et dans les \u00e9piceries de quartier. Ces m\u00e9dicaments sont appel\u00e9s \u00ab<span>\u00a0<\/span><i>over the counter medecines \u00bb<span>\u00a0<\/span><\/i>(<i>OTC<\/i>).<\/span><\/p>\n<p class=\"p1\"><span class=\"s1\">Vous trouverez tout ce qu\u2019il faut pour le rhume, les syndromes grippaux, les rhinopharyngite, trach\u00e9ite et sinusite, conjonctivite, gastroent\u00e9rite, diarrh\u00e9e, constipation, douleur abdominale simple, reflux gastro-\u0153sophagien, gastrite, allergie, mycose, br\u00fblure et petite plaie, douleur et fi\u00e8vre\u2026<\/span><\/p>\n<p class=\"p1\"><span class=\"s1\">NHS 111 est un service m\u00e9dical t\u00e9l\u00e9phonique\u00a0: en composant le 111 vous obtenez des informations sur les services du NHS pr\u00e8s de chez vous ainsi qu\u2019une aide m\u00e9dicale. Ce n\u2019est pas un num\u00e9ro d\u2019urgence.<\/span><\/p>\n<p>[\/vc_column_text][\/vc_column][vc_column][vc_zigzag][\/vc_column][\/vc_row][vc_row][vc_column][cms_heading text=\u00a0\u00bbTrouver un centre m\u00e9dical pr\u00e8s de chez soi\u00a0\u00bb add_icon=\u00a0\u00bb\u00a0\u00bb][vc_column_text]<\/p>\n<p class=\"p1\"><span class=\"s1\">Pour conna\u00eetre la localisation des<span>\u00a0<\/span><i>surgeries<\/i>,<span>\u00a0<\/span><i>walk-in centres<span>\u00a0<\/span><\/i>ou<span>\u00a0<\/span><i>A&amp;E<\/i><span>\u00a0<\/span>les plus proches de chez vous, consultez le\u00a0<a href=\"https:\/\/www.nhs.uk\/Service-Search\/GP\/LocationSearch\/4\" target=\"_blank\" rel=\"noopener noreferrer\"><b>site internet du NHS<\/b><\/a><\/span><span class=\"s5\">\u00a0<\/span><span class=\"s1\">qui est tr\u00e8s bien fait. Un moteur de recherche vous donnera la localisation de ce que vous cherchez en fonction de l\u2019endroit o\u00f9 vous vous trouvez.<\/span><\/p>\n<p class=\"p1\"><span class=\"s1\">Dans tous les cas, vous pouvez aussi nous contacter pour avoir des renseignements.<\/span><\/p>\n<p>[\/vc_column_text][\/vc_column][vc_column][vc_zigzag][\/vc_column][\/vc_row][vc_row][vc_column][cms_heading text=\u00a0\u00bbVocabulaire utile\u00a0\u00bb add_icon=\u00a0\u00bb\u00a0\u00bb][vc_row_inner][vc_column_inner width=\u00a0\u00bb1\/3&Prime;][vc_column_text]<i><\/i><span class=\"s1\"><i>A&amp;E \u2013 Accident and Emergencies<\/i>\u00a0: service des urgences<br \/>\n<\/span><span class=\"s1\"><i>Blood test<\/i>\u00a0: analyse de sang<br \/>\n<\/span><span class=\"s1\"><i>GP<\/i>\u00a0\u2013\u00a0<i>General Practitioner<\/i>\u00a0: m\u00e9decin g\u00e9n\u00e9raliste<br \/>\n<\/span><span class=\"s1\"><i>GUM clinic<\/i>\u00a0\u2013\u00a0<i>Genitourinary Medicine Clinic<\/i>\u00a0\u2013\u00a0<i>Sexual Health Clinic<\/i>\u00a0: sant\u00e9 sexuelle, planning familial<br \/>\n<\/span><span class=\"s1\"><i>Health visitor<\/i>\u00a0: professionnel de sant\u00e9 qui s\u2019occupe du suivi normal des enfants<br \/>\n<\/span><span class=\"s1\"><i>Health clinic<\/i>\u00a0: \u00e9quivalent de la PMI en France<br \/>\n<\/span><span class=\"s1\"><i>Immunisation<\/i>\u00a0: vaccination<br \/>\n<\/span><span class=\"s1\"><i>Laboratory<\/i>\u00a0: laboratoire<\/span>[\/vc_column_text][\/vc_column_inner][vc_column_inner width=\u00a0\u00bb1\/3&Prime;][vc_column_text]<i><\/i><span class=\"s1\"><i>MRI\u00a0scan<\/i>\u00a0: IRM<br \/>\n<\/span><span class=\"s1\"><i>Nurse<\/i>\u00a0: infirmi\u00e8re<br \/>\n<\/span><span class=\"s1\"><i>Nurse practitioner<\/i>\u00a0: infirmi\u00e8re prescriptrice<br \/>\n<\/span><span class=\"s1\"><i>OTC<\/i>\u00a0\u2013\u00a0<i>Over The Counter<\/i>\u00a0: m\u00e9dicaments vendus sans ordonnance<br \/>\n<\/span><span class=\"s1\"><i>Pregnancy test<\/i>\u00a0: test de grossesse<br \/>\n<\/span><span class=\"s1\"><i>Red book<\/i>\u00a0: carnet de sant\u00e9<br \/>\n<\/span><span class=\"s1\"><i>Referral<\/i>\u00a0: courrier du m\u00e9decin g\u00e9n\u00e9raliste pour adresser un patient \u00e0 un sp\u00e9cialiste<\/span>[\/vc_column_text][\/vc_column_inner][vc_column_inner width=\u00a0\u00bb1\/3&Prime;][vc_column_text]<span class=\"s1\"><i>Smear test<\/i>\u00a0: frottis cervico-vaginal (tous les 3 ans au Royaume-Uni)<br \/>\n<\/span><span class=\"s1\"><i>STI<\/i>\u00a0\u2013\u00a0<i>Sexually Transmitted Infection<\/i>\u00a0: infection sexuellement transmissible<br \/>\n<\/span><span class=\"s1\"><i>Surgery<\/i>\u00a0: cabinet de m\u00e9decine g\u00e9n\u00e9rale<br \/>\n<\/span><i><\/i><span class=\"s1\"><i>Ultrasound scan<\/i>\u00a0: \u00e9chographie<br \/>\n<\/span><span class=\"s1\"><i>Urine dipstick<\/i>\u00a0: bandelette urinaire<br \/>\n<\/span><span class=\"s1\"><i>Walk-in centre<\/i>\u00a0: cabinet m\u00e9dical sans rendez-vous<br \/>\n<\/span><span class=\"s1\"><i>X-ray<\/i>\u00a0: radiographie<\/span>[\/vc_column_text][\/vc_column_inner][\/vc_row_inner][\/vc_column][\/vc_row]<\/p>\n","protected":false},"excerpt":{"rendered":"<p>[vc_row][vc_column][cms_heading layout_mode=\u00a0\u00bb2&Prime; text=\u00a0\u00bbLe syst\u00e8me de sant\u00e9 anglais, comment \u00e7a marche ?\u00a0\u00bb add_icon=\u00a0\u00bb\u00a0\u00bb][vc_column_text] Le syst\u00e8me de sant\u00e9 anglais est en majorit\u00e9 public, g\u00e9r\u00e9 par un organisme unique le\u00a0National Health Service (NHS). Il est compl\u00e8tement gratuit pour toutes les personnes r\u00e9sidentes sur le sol anglais en ce qui concerne les soins primaires\u00a0: m\u00e9decine g\u00e9n\u00e9rale, sant\u00e9 sexuelle et [&hellip;]<\/p>\n","protected":false},"author":1,"featured_media":0,"parent":0,"menu_order":0,"comment_status":"closed","ping_status":"closed","template":"","meta":{"footnotes":""},"class_list":["post-1097","page","type-page","status-publish","hentry"],"_links":{"self":[{"href":"https:\/\/www.df-sfb.org.uk\/fr\/wp-json\/wp\/v2\/pages\/1097","targetHints":{"allow":["GET"]}}],"collection":[{"href":"https:\/\/www.df-sfb.org.uk\/fr\/wp-json\/wp\/v2\/pages"}],"about":[{"href":"https:\/\/www.df-sfb.org.uk\/fr\/wp-json\/wp\/v2\/types\/page"}],"author":[{"embeddable":true,"href":"https:\/\/www.df-sfb.org.uk\/fr\/wp-json\/wp\/v2\/users\/1"}],"replies":[{"embeddable":true,"href":"https:\/\/www.df-sfb.org.uk\/fr\/wp-json\/wp\/v2\/comments?post=1097"}],"version-history":[{"count":13,"href":"https:\/\/www.df-sfb.org.uk\/fr\/wp-json\/wp\/v2\/pages\/1097\/revisions"}],"predecessor-version":[{"id":6195,"href":"https:\/\/www.df-sfb.org.uk\/fr\/wp-json\/wp\/v2\/pages\/1097\/revisions\/6195"}],"wp:attachment":[{"href":"https:\/\/www.df-sfb.org.uk\/fr\/wp-json\/wp\/v2\/media?parent=1097"}],"curies":[{"name":"wp","href":"https:\/\/api.w.org\/{rel}","templated":true}]}}