{"id":1094,"date":"2020-01-27T14:59:59","date_gmt":"2020-01-27T14:59:59","guid":{"rendered":"https:\/\/www.df-sfb.org.uk\/?page_id=1094"},"modified":"2025-11-05T15:09:36","modified_gmt":"2025-11-05T15:09:36","slug":"notre-equipe","status":"publish","type":"page","link":"https:\/\/www.df-sfb.org.uk\/fr\/notre-equipe\/","title":{"rendered":"Notre \u00e9quipe"},"content":{"rendered":"\t\t<div data-elementor-type=\"wp-page\" data-elementor-id=\"1094\" class=\"elementor elementor-1094\">\n\t\t\t\t\t\t<section class=\"elementor-section elementor-top-section elementor-element elementor-element-7ca4818a elementor-section-boxed elementor-section-height-default elementor-section-height-default\" data-id=\"7ca4818a\" data-element_type=\"section\" data-e-type=\"section\">\n\t\t\t\t\t\t<div class=\"elementor-container elementor-column-gap-default\">\n\t\t\t\t\t<div class=\"elementor-column elementor-col-100 elementor-top-column elementor-element elementor-element-1e55e8aa\" data-id=\"1e55e8aa\" data-element_type=\"column\" data-e-type=\"column\">\n\t\t\t<div class=\"elementor-widget-wrap elementor-element-populated\">\n\t\t\t\t\t\t<div class=\"elementor-element elementor-element-86f09e elementor-widget elementor-widget-text-editor\" data-id=\"86f09e\" data-element_type=\"widget\" data-e-type=\"widget\" data-widget_type=\"text-editor.default\">\n\t\t\t\t<div class=\"elementor-widget-container\">\n\t\t\t\t\t\t\t\t\t<p>[vc_row][vc_column][cms_heading layout_mode=\u00a0\u00bb2&Prime; text=\u00a0\u00bbLe Bureau\u00a0\u00bb add_icon=\u00a0\u00bb\u00a0\u00bb][vc_column_text]<\/p>\n<p>Une \u00e9quipe permanente de trois personnes accueille les patients, les oriente et assure le fonctionnement quotidien du Dispensaire Fran\u00e7ais &#8211; Soci\u00e9t\u00e9 Fran\u00e7aise de Bienfaisance :<\/p>\n<ul>\n<li><strong>Audrey Guichard<\/strong> <b>&#8211;<\/b> Directrice<\/li>\n<li><b>Dylan Matar &#8211;<\/b> Infirmier<\/li>\n<li><strong>Fanny Dulin <b>&#8211;<\/b><\/strong> R\u00e9ceptioniste \/ Responsable administrative<\/li>\n<\/ul>\n<p>[\/vc_column_text][vc_single_image image=\u00a0\u00bb7090&Prime; img_size=\u00a0\u00bbmedium\u00a0\u00bb alignment=\u00a0\u00bbcenter\u00a0\u00bb style=\u00a0\u00bbvc_box_rounded\u00a0\u00bb][\/vc_column][vc_column][vc_zigzag][cms_heading layout_mode=\u00a0\u00bb2&Prime; text=\u00a0\u00bbL\u2019\u00e9quipe m\u00e9dicale\u00a0\u00bb add_icon=\u00a0\u00bb\u00a0\u00bb][vc_column_text]Sp\u00e9cialistes et param\u00e9dicaux, fran\u00e7ais et britanniques, exercent \u00e0 titre b\u00e9n\u00e9vole, en fran\u00e7ais selon leurs disponibilit\u00e9s.[\/vc_column_text][cms_heading layout_mode=\u00a0\u00bb2&Prime; text=\u00a0\u00bbM\u00e9decins G\u00e9n\u00e9ralistes\u00a0\u00bb font_container=\u00a0\u00bbtag:h3&Prime; add_icon=\u00a0\u00bb\u00a0\u00bb][vc_column_text]<\/p>\n<ul>\n<li>Dr Zoe Bellamy, m\u00e9decin g\u00e9n\u00e9raliste<\/li>\n<li>Dr Odile de Mesmay, m\u00e9decin g\u00e9n\u00e9raliste&nbsp;<\/li>\n<li>Dr Laura Munoz, m\u00e9decin g\u00e9n\u00e9raliste, directrice du comit\u00e9 m\u00e9dical<\/li>\n<li>Dr H\u00e9l\u00e8ne Nguyen, m\u00e9decin g\u00e9n\u00e9raliste<\/li>\n<li>Dr Nagete Boukhezra, m\u00e9decin g\u00e9n\u00e9raliste<\/li>\n<\/ul>\n<div>\n<h4 style=\"transition-delay: 0s; transition-property: all;\">Triage t\u00e9l\u00e9phonique et orientation<\/h4>\n<ul>\n<li>Dr Odile Lhopitallier[\/vc_column_text][cms_heading layout_mode=\u00a0\u00bb2&Prime; text=\u00a0\u00bbM\u00e9decins Sp\u00e9cialistes\u00a0\u00bb font_container=\u00a0\u00bbtag:h3&Prime; add_icon=\u00a0\u00bb\u00a0\u00bb][vc_column_text]<\/li>\n<\/ul>\n<\/div>\n<h4>Dermatologie<\/h4>\n<ul>\n<li>Dr Sophie Bouvresse, dermatologue<\/li>\n<\/ul>\n<h4>Gyn\u00e9cologie<\/h4>\n<ul>\n<li>Dr Victoire de Castelbajac, Gyn\u00e9cologue<\/li>\n<\/ul>\n<h4>Oto-rhino-laryngologie<\/h4>\n<ul>\n<li>Dr Hamid Daya, consultant Ear, Nose and Throat surgeon, St George\u2019s Hospital. <span style=\"font-weight: bold;\">Sur recommandation interne uniquement.<\/span><\/li>\n<\/ul>\n<h4>P\u00e9diatrie<\/h4>\n<ul>\n<li>Dr Sophie Batut, p\u00e9diatre<\/li>\n<li>Dr Sophie Flammarion, p\u00e9diatre<\/li>\n<\/ul>\n<p>[\/vc_column_text][cms_heading text=\u00a0\u00bbProfessionnels de Sant\u00e9\u00a0\u00bb font_container=\u00a0\u00bbtag:h3&Prime; add_icon=\u00a0\u00bb\u00a0\u00bb][vc_column_text]<\/p>\n<h4>Infirmier<\/h4>\n<ul>\n<li>Dylan Matar, infirmier<\/li>\n<\/ul>\n<h4>Nutrition<\/h4>\n<ul>\n<li>Huguette Lelong, nutritionniste<\/li>\n<li>Nathalie Vauterin, nutritionniste<\/li>\n<\/ul>\n<h4>Soutien Scolaire&nbsp;<\/h4>\n<ul>\n<li><span style=\"color: var( --e-global-color-text ); font-family: var( --e-global-typography-text-font-family ), Sans-serif; font-weight: var( --e-global-typography-text-font-weight );\">Pauline Yvelin, orthophoniste<\/span><\/li>\n<li><span style=\"color: var( --e-global-color-text ); font-family: var( --e-global-typography-text-font-family ), Sans-serif; font-weight: var( --e-global-typography-text-font-weight );\">Anna Lalot, orthophoniste<\/span><\/li>\n<\/ul>\n<div>\n<h4>Kin\u00e9sith\u00e9rapie<\/h4>\n<ul>\n<li><span style=\"color: var( --e-global-color-text ); font-family: var( --e-global-typography-text-font-family ), Sans-serif; font-weight: var( --e-global-typography-text-font-weight );\">Christine Julien-Laferri\u00e8re, masseuse-kin\u00e9sith\u00e9rapeute<\/span><\/li>\n<li><span style=\"color: var( --e-global-color-text ); font-family: var( --e-global-typography-text-font-family ), Sans-serif; font-weight: var( --e-global-typography-text-font-weight );\">Pascal Rodriguez, masseur-kin\u00e9sith\u00e9rapeute<\/span><\/li>\n<\/ul>\n<\/div>\n<h4>Ost\u00e9opathie<\/h4>\n<ul>\n<li>Romain Luquet, kin\u00e9sith\u00e9rapeute, ost\u00e9opathe MCSP<\/li>\n<li>C\u00e9line Wolff, ost\u00e9opathe<\/li>\n<\/ul>\n<h4>Psychologie<\/h4>\n<ul>\n<li>Vanessa Berdugo, DESS psychologie clinique et pathologique<\/li>\n<li>Anne Bizot-Burgess, dipl\u00f4m\u00e9e de l\u2019Ecole de psychologues praticiens, psychanalyste dipl\u00f4m\u00e9e WPF, conseill\u00e8re conjugale dipl\u00f4m\u00e9e du Tavistock Institute.<\/li>\n<li>Cindy Caraguel, psychologue clinicienne<\/li>\n<li>Corine de Hemptine, psychologue clinicienne<\/li>\n<li>Nathalie Dubreuil, psychologue clinicienne<strong><br><\/strong><\/li>\n<li>Fanny Gapenne, psychologue clinicienne, Espace Sant\u00e9 jeunes<\/li>\n<li><span lang=\"FR\">B\u00e9atrice Granger<\/span>, psychologue clinicienne<\/li>\n<li>Camille Lheureux, psychologue clinicienne, sp\u00e9cialis\u00e9e en neuropsychologie<\/li>\n<li><span style=\"color: var( --e-global-color-text ); font-family: var( --e-global-typography-text-font-family ), Sans-serif; font-weight: var( --e-global-typography-text-font-weight );\">Julien Quertainmont, psychologue du travail form\u00e9 \u00e0 la clinique, Espace Sant\u00e9 Jeunes<\/span><\/li>\n<li><span style=\"color: var( --e-global-color-text ); font-family: var( --e-global-typography-text-font-family ), Sans-serif; font-weight: var( --e-global-typography-text-font-weight );\">Salima Schreiter, docteur en psychologie-sociale, psychologue clinicienne, TCC<\/span><\/li>\n<\/ul>\n<h4>Psychomotricit\u00e9<\/h4>\n<ul>\n<li>Malika Van Grutten, DE<\/li>\n<\/ul>\n<h4>Psychoth\u00e9rapie<\/h4>\n<ul>\n<li>Vahiria Janbon-Verdet, psychoth\u00e9rapeute pour enfant &#8211; MBACP<\/li>\n<\/ul>\n<p>[\/vc_column_text][cms_heading text=\u00a0\u00bbCQC consultant\u00a0\u00bb font_container=\u00a0\u00bbtag:h3&Prime; add_icon=\u00a0\u00bb\u00a0\u00bb][vc_column_text]<\/p>\n<ul>\n<li><span lang=\"EN-GB\">Martha Walker, CQCConsultancy<\/span><\/li>\n<\/ul>\n<h6>&nbsp;<\/h6>\n<ul>\n<li style=\"list-style-type: none;\">\n<ul>[\/vc_column_text][vc_zigzag][\/vc_column][\/vc_row][vc_row][vc_column][cms_heading layout_mode=\u00a0\u00bb2&Prime; text=\u00a0\u00bbB\u00e9n\u00e9voles Club Social\u00a0\u00bb add_icon=\u00a0\u00bb\u00a0\u00bb][vc_column_text]<\/ul><\/li>\n<li>Fleur B\u00e9rard<\/li>\n<li>Marion Bignone<\/li>\n<li>Delphine Cardinali<\/li>\n<li>Blandine Charteris<\/li>\n<li>Elisabeth Chermette<\/li>\n<li>Claire Collombin<\/li>\n<li>Karima Faia<\/li>\n<li>Xavi\u00e8re Farrer Hutchinson<\/li>\n<li><span style=\"margin-bottom: 0px;\">V\u00e9ronique de Gennes<\/span><\/li>\n<li>El\u00e9onore de Lubersac<\/li>\n<li>Isabelle Deshayes<\/li>\n<li>Kim Gudenus<\/li>\n<li>Nabila Hamdaoui Nadji<\/li>\n<li>Christine Julien-Laferri\u00e8re<\/li>\n<li>Tim\u00e9a Larroque<\/li>\n<li>Isabel Maghrebi<\/li>\n<li>Estella Pagliaroli<\/li>\n<li>L\u00e9a Plouin<\/li>\n<li>C\u00e9cile Rochdi<\/li>\n<li>Catherine Scott<\/li>\n<li>Nathalie Toprak<\/li>\n<li>Peggy Verges Mohen<\/li>\n<li>Virginie Wilsh<\/li>\n<\/ul>\n<div>\n<h4 style=\"transition-delay: 0s; transition-property: all;\"><br><\/h4><h4 style=\"transition-delay: 0s; transition-property: all;\">Groupes de parole &#8211; Demandeurs-euses d&rsquo;Asile<\/h4>\n<div>\n<ul>\n<li>Dr Odile Lhopitallier<\/li>\n<li>Anne de Montarlot<\/li>\n<\/ul>\n<div>&nbsp;<\/div>\n<\/div>\n<\/div>\n<div>&nbsp;<\/div>\n<p>[\/vc_column_text][vc_zigzag][\/vc_column][\/vc_row][vc_row][vc_column][cms_heading layout_mode=\u00a0\u00bb2&Prime; text=\u00a0\u00bbLes trustees\u00a0\u00bb add_icon=\u00a0\u00bb\u00a0\u00bb][vc_column_text]Une \u00e9quipe de 15 Trustees guide l\u2019activit\u00e9 du Dispensaire Fran\u00e7ais &#8211; Soci\u00e9t\u00e9 Fran\u00e7aise de Bienfaisance :<\/p>\n<ul>\n<li>Olivier Nicolay&nbsp;<\/li>\n<li>Elisabeth Chermette&nbsp;<\/li>\n<li>Laurent Debacker&nbsp;<\/li>\n<li>J\u00e9r\u00e9my Guillot de la Garde<\/li>\n<li>Julie Lamirel<\/li>\n<li>Dr Odile Lhopitallier&nbsp;<\/li>\n<li>Odile Lombard Mourre&nbsp;<\/li>\n<li>Elisabeth Maxwell&nbsp;<\/li>\n<li>Dr Laura Munoz&nbsp;<\/li>\n<li>Catherine Palmer<\/li>\n<li>B\u00e9reng\u00e8re Salembien<\/li>\n<li>Dr Salima Schreiter&nbsp;<\/li>\n<li>Anne-B\u00e9n\u00e9dicte Viort\u2013Dejean de la Batie<\/li>\n<li>Brigitte Williams&nbsp;<\/li>\n<\/ul>\n<div>&nbsp;<\/div>\n<ul>\n<li>ADVISOR : Samer Melki &#8211; Consul g\u00e9n\u00e9ral de France \u00e0 Londres<\/li>\n<\/ul>\t\t\t\t\t\t\t\t<\/div>\n\t\t\t\t<\/div>\n\t\t\t\t\t<\/div>\n\t\t<\/div>\n\t\t\t\t\t<\/div>\n\t\t<\/section>\n\t\t\t\t<\/div>\n\t\t","protected":false},"excerpt":{"rendered":"<p>[vc_row][vc_column][cms_heading layout_mode=\u00a0\u00bb2&Prime; text=\u00a0\u00bbLe Bureau\u00a0\u00bb add_icon=\u00a0\u00bb\u00a0\u00bb][vc_column_text] Une \u00e9quipe permanente de trois personnes accueille les patients, les oriente et assure le fonctionnement quotidien du Dispensaire Fran\u00e7ais &#8211; Soci\u00e9t\u00e9 Fran\u00e7aise de Bienfaisance : Audrey Guichard &#8211; Directrice Dylan Matar &#8211; Infirmier Fanny Dulin &#8211; R\u00e9ceptioniste \/ Responsable administrative [\/vc_column_text][vc_single_image image=\u00a0\u00bb7090&Prime; img_size=\u00a0\u00bbmedium\u00a0\u00bb alignment=\u00a0\u00bbcenter\u00a0\u00bb style=\u00a0\u00bbvc_box_rounded\u00a0\u00bb][\/vc_column][vc_column][vc_zigzag][cms_heading layout_mode=\u00a0\u00bb2&Prime; text=\u00a0\u00bbL\u2019\u00e9quipe m\u00e9dicale\u00a0\u00bb add_icon=\u00a0\u00bb\u00a0\u00bb][vc_column_text]Sp\u00e9cialistes et [&hellip;]<\/p>\n","protected":false},"author":1,"featured_media":0,"parent":0,"menu_order":0,"comment_status":"closed","ping_status":"closed","template":"","meta":{"footnotes":""},"class_list":["post-1094","page","type-page","status-publish","hentry"],"_links":{"self":[{"href":"https:\/\/www.df-sfb.org.uk\/fr\/wp-json\/wp\/v2\/pages\/1094","targetHints":{"allow":["GET"]}}],"collection":[{"href":"https:\/\/www.df-sfb.org.uk\/fr\/wp-json\/wp\/v2\/pages"}],"about":[{"href":"https:\/\/www.df-sfb.org.uk\/fr\/wp-json\/wp\/v2\/types\/page"}],"author":[{"embeddable":true,"href":"https:\/\/www.df-sfb.org.uk\/fr\/wp-json\/wp\/v2\/users\/1"}],"replies":[{"embeddable":true,"href":"https:\/\/www.df-sfb.org.uk\/fr\/wp-json\/wp\/v2\/comments?post=1094"}],"version-history":[{"count":249,"href":"https:\/\/www.df-sfb.org.uk\/fr\/wp-json\/wp\/v2\/pages\/1094\/revisions"}],"predecessor-version":[{"id":7839,"href":"https:\/\/www.df-sfb.org.uk\/fr\/wp-json\/wp\/v2\/pages\/1094\/revisions\/7839"}],"wp:attachment":[{"href":"https:\/\/www.df-sfb.org.uk\/fr\/wp-json\/wp\/v2\/media?parent=1094"}],"curies":[{"name":"wp","href":"https:\/\/api.w.org\/{rel}","templated":true}]}}