{"id":5982,"date":"2020-08-28T18:16:44","date_gmt":"2020-08-28T17:16:44","guid":{"rendered":"https:\/\/www.df-sfb.org.uk\/social-support\/"},"modified":"2020-10-02T14:25:56","modified_gmt":"2020-10-02T13:25:56","slug":"social-support","status":"publish","type":"page","link":"https:\/\/www.df-sfb.org.uk\/en\/social-support\/","title":{"rendered":"Financial support"},"content":{"rendered":"<p>[vc_row][vc_column][vc_column_text]<\/p>\n<p>The financial support of French and French speaking people living in precarious conditions in the UK is one of the objectives of the Dispensaire Fran\u00e7ais- Soci\u00e9t\u00e9 Fran\u00e7aise de Bienfaisance.<\/p>\n<p class=\"p1\"><span class=\"s1\">\u00a0<\/span><\/p>\n<p>[\/vc_column_text][cms_heading text=&#8221;Financial support for people living in precarious conditions&#8221; add_icon=&#8221;&#8221;][vc_column_text]<\/p>\n<p>At the Dispensaire, young people going through a difficult time are seen by a permanent member of staff who listens, advises and can give financial help to provide for shelter for a few nights, until they find a job and receive a salary.<\/p>\n<p>If the young person wants to return to France, the Dispensaire helps to organise and finance the return trip.<\/p>\n<p>The Dispensaire also supports older people, living on a minimal pension, by giving them regular monthly allowances and\/or an extra allowance to allow them to buy necessities like home appliances.<\/p>\n<p>[\/vc_column_text][vc_single_image image=&#8221;5349&#8243; img_size=&#8221;large&#8221; alignment=&#8221;center&#8221;][\/vc_column][\/vc_row]<\/p>\n","protected":false},"excerpt":{"rendered":"<p>[vc_row][vc_column][vc_column_text] The financial support of French and French speaking people living in precarious conditions in the UK is one of the objectives of the Dispensaire Fran\u00e7ais- Soci\u00e9t\u00e9 Fran\u00e7aise de Bienfaisance. \u00a0 [\/vc_column_text][cms_heading text=&#8221;Financial support for people living in precarious conditions&#8221; add_icon=&#8221;&#8221;][vc_column_text] At the Dispensaire, young people going through a difficult time are seen by a [&hellip;]<\/p>\n","protected":false},"author":1,"featured_media":0,"parent":0,"menu_order":0,"comment_status":"closed","ping_status":"closed","template":"","meta":{"footnotes":""},"class_list":["post-5982","page","type-page","status-publish","hentry"],"_links":{"self":[{"href":"https:\/\/www.df-sfb.org.uk\/en\/wp-json\/wp\/v2\/pages\/5982","targetHints":{"allow":["GET"]}}],"collection":[{"href":"https:\/\/www.df-sfb.org.uk\/en\/wp-json\/wp\/v2\/pages"}],"about":[{"href":"https:\/\/www.df-sfb.org.uk\/en\/wp-json\/wp\/v2\/types\/page"}],"author":[{"embeddable":true,"href":"https:\/\/www.df-sfb.org.uk\/en\/wp-json\/wp\/v2\/users\/1"}],"replies":[{"embeddable":true,"href":"https:\/\/www.df-sfb.org.uk\/en\/wp-json\/wp\/v2\/comments?post=5982"}],"version-history":[{"count":10,"href":"https:\/\/www.df-sfb.org.uk\/en\/wp-json\/wp\/v2\/pages\/5982\/revisions"}],"predecessor-version":[{"id":6271,"href":"https:\/\/www.df-sfb.org.uk\/en\/wp-json\/wp\/v2\/pages\/5982\/revisions\/6271"}],"wp:attachment":[{"href":"https:\/\/www.df-sfb.org.uk\/en\/wp-json\/wp\/v2\/media?parent=5982"}],"curies":[{"name":"wp","href":"https:\/\/api.w.org\/{rel}","templated":true}]}}