{"id":5976,"date":"2020-08-28T18:16:02","date_gmt":"2020-08-28T17:16:02","guid":{"rendered":"https:\/\/www.df-sfb.org.uk\/societe-clinique\/"},"modified":"2025-06-17T10:13:07","modified_gmt":"2025-06-17T09:13:07","slug":"societe-clinique","status":"publish","type":"page","link":"https:\/\/www.df-sfb.org.uk\/en\/societe-clinique\/","title":{"rendered":"Soci\u00e9t\u00e9 Clinique"},"content":{"rendered":"<p>[vc_row][vc_column][cms_heading layout_mode=&#8221;2&#8243; text=&#8221;Our action&#8221; add_icon=&#8221;&#8221;][vc_row_inner][vc_column_inner width=&#8221;1\/4&#8243;][vc_single_image image=&#8221;5280&#8243; alignment=&#8221;center&#8221;][\/vc_column_inner][vc_column_inner width=&#8221;3\/4&#8243;][vc_column_text]<\/p>\n<p class=\"BodyA\"><span lang=\"EN-US\">The Soci\u00e9t\u00e9 Clinique Fran\u00e7aise organises professional meetings and academic conferences for the francophone medical community. It is a medical society ran by the Dispensaire Fran\u00e7ais.<br \/>\n<\/span><\/p>\n<p class=\"BodyA\"><span lang=\"EN-US\">The wide ranging topics (gynaecology, surgery, orthopedics, general medicine, nutrition, pediatrics\u2026) attract all health professionals whatever their specialty.<\/span><\/p>\n<p class=\"BodyA\"><span lang=\"EN-US\">Through meetings like these, the health community both develops its knowledge, links and contacts in a friendly way. In the future, we would like to develop links with British health centres so that they become aware of the remarkable work of the Dispensaire Fran\u00e7ais.<\/span><\/p>\n<p>[\/vc_column_text][\/vc_column_inner][\/vc_row_inner][vc_zigzag][\/vc_column][\/vc_row][vc_row][vc_column][cms_heading layout_mode=&#8221;2&#8243; text=&#8221;Who are we ?&#8221; add_icon=&#8221;&#8221;][vc_row_inner][vc_column_inner width=&#8221;3\/4&#8243;][vc_column_text]<strong>Coordinator<\/strong><\/p>\n<p><strong>Dr Caroline Pontvert<\/strong> is a consultant perinatal psychiatrist and works for the NHS with women in prison. She also has a private practice in London, sometimes advises the Consulate on complex psychosocial issues and has been a volunteer at the Dispensaire for over 6 years. She is responsible for the psychotherapy\/speech therapy\/psychomotricity committee.<\/p>\n<p>&nbsp;<\/p>\n<p><strong>Assistant Coordinator<\/strong><\/p>\n<p><strong>Dr Zo\u00e9 Bellamy<\/strong> is a general practitioner with a specialty in women&#8217;s health. Dr. Bellamy has always associated her work as a general practitioner with consultations in family planning, university health centres and at the Dispensaire Fran\u00e7ais since 2019 where she treats women, children and men as well as adolescents and young adults in the Espace Sant\u00e9 Jeunes (Youth Health Space). She is also a member of the British Menopause Society.&#8221;<\/p>\n<p>&nbsp;<\/p>\n<p><strong>Assistant Coordinator<\/strong><\/p>\n<p><strong>Dr Sophie Flammarion<\/strong> is a consultant paediatrician practicing in London both in private practice and in the NHS. She has also been volunteering at the Dispensaire since 2020. She specialises in respiratory medicine and allergies, and has a special interest for preventive medicine.<\/p>\n<p><strong>And the 120 members of the medical French speaking community\u2026<\/strong><\/p>\n<p>&nbsp;<\/p>\n<p class=\"p4\" style=\"text-align: left;\"><b>Contact<\/b><\/p>\n<p class=\"p2\" style=\"text-align: center;\"><span class=\"s1\">Dispensaire Fran\u00e7ais<br \/>\n<\/span><span class=\"s1\">020 8222 8822<br \/>\n<\/span><span class=\"s2\">Email\u00a0:\u00a0<a href=\"mailto:info@df-sfb.org.uk\"><span class=\"s3\">info@df-sfb.org.uk<\/span><\/a><\/span>[\/vc_column_text][\/vc_column_inner][vc_column_inner width=&#8221;1\/4&#8243;][vc_single_image image=&#8221;6907&#8243; img_size=&#8221;medium&#8221; add_caption=&#8221;yes&#8221; style=&#8221;vc_box_shadow&#8221;][vc_single_image image=&#8221;6901&#8243; img_size=&#8221;medium&#8221; add_caption=&#8221;yes&#8221;][vc_single_image image=&#8221;7021&#8243; img_size=&#8221;medium&#8221; add_caption=&#8221;yes&#8221;][\/vc_column_inner][\/vc_row_inner][vc_zigzag][\/vc_column][\/vc_row][vc_row][vc_column][cms_heading layout_mode=&#8221;2&#8243; text=&#8221;Where do the meetings take place ?&#8221; add_icon=&#8221;&#8221;][vc_row_inner][vc_column_inner width=&#8221;1\/2&#8243;][vc_column_text]<\/p>\n<p class=\"BodyA\"><span lang=\"EN-US\">Our conferences and networking meetings take place in the <span class=\"s1\">Dispensaire Fran\u00e7ais \u2013 Soci\u00e9t\u00e9 Fran\u00e7aise de Bienfaisance<\/span> building.<\/span><\/p>\n<p class=\"BodyA\"><span lang=\"EN-US\">\u00a0<\/span><\/p>\n<p class=\"BodyA\" style=\"text-align: center;\"><span lang=\"EN-US\">184 Hammersmith Road<br \/>\n<\/span><span lang=\"EN-US\">London W6 7DJ<br \/>\n<\/span><span lang=\"EN-US\">Tube: Hammersmith<\/span>[\/vc_column_text][\/vc_column_inner][vc_column_inner width=&#8221;1\/2&#8243;][vc_gmaps link=&#8221;#E-8_JTNDaWZyYW1lJTIwc3JjJTNEJTIyaHR0cHMlM0ElMkYlMkZ3d3cuZ29vZ2xlLmNvbSUyRm1hcHMlMkZlbWJlZCUzRnBiJTNEJTIxMW0xOCUyMTFtMTIlMjExbTMlMjExZDI0ODQuMDgzNTg2OTI5MjU3MyUyMTJkLTAuMjIyNTI3MDgzODY5NjA0MTMlMjEzZDUxLjQ5MzMzMzU3OTYzMjcyJTIxMm0zJTIxMWYwJTIxMmYwJTIxM2YwJTIxM20yJTIxMWkxMDI0JTIxMmk3NjglMjE0ZjEzLjElMjEzbTMlMjExbTIlMjExczB4NDg3NjBmYjg3MDgxOWI4MSUyNTNBMHgxY2RlNGFlMDUzMWNkYzQzJTIxMnNMZSUyNTIwRGlzcGVuc2FpcmUlMjUyMEZyYW5jYWlzJTI1MjAtJTI1MjBTb2NpJTI1QzMlMjVBOXQlMjVDMyUyNUE5JTI1MjBGcmFuJTI1QzMlMjVBN2Fpc2UlMjUyMGRlJTI1MjBCaWVuZmFpc2FuY2UlMjE1ZTAlMjEzbTIlMjExc2VuJTIxMnNkZSUyMTR2MTU4NjEwNTg1OTU2NiUyMTVtMiUyMTFzZW4lMjEyc2RlJTIyJTIwd2lkdGglM0QlMjI2MDAlMjIlMjBoZWlnaHQlM0QlMjI0NTAlMjIlMjBmcmFtZWJvcmRlciUzRCUyMjAlMjIlMjBzdHlsZSUzRCUyMmJvcmRlciUzQSUyMDBweCUzQiUyMHBvaW50ZXItZXZlbnRzJTNBJTIwbm9uZSUzQiUyMiUyMGFsbG93ZnVsbHNjcmVlbiUzRCUyMiUyMiUyMGFyaWEtaGlkZGVuJTNEJTIyZmFsc2UlMjIlMjB0YWJpbmRleCUzRCUyMjAlMjIlM0UlM0MlMkZpZnJhbWUlM0U=&#8221; size=&#8221;&#8221;][\/vc_column_inner][\/vc_row_inner][vc_zigzag][\/vc_column][\/vc_row][vc_row][vc_column][cms_heading layout_mode=&#8221;2&#8243; text=&#8221;Some of the topics the last few years&#8221; add_icon=&#8221;&#8221;][vc_column_text]<\/p>\n<p class=\"BodyA\"><span class=\"None\"><i><span lang=\"EN-US\" style=\"font-size: 13.0pt;\">Some of the conferences of the last few years<\/span><\/i><\/span><\/p>\n<p>&nbsp;<\/p>\n<ul class=\"ul1\">\n<li class=\"li1\" style=\"list-style-type: none;\">\n<ul class=\"ul1\">\n<li><strong>&#8221; Des pathologies et soins de la peau du nourrisson, et l\u2019enfant au vieillissement cutan\u00e9 de l\u2019adulte&#8221; <\/strong>(Dr Carolina Gholan and Dr Sophie Bouvresse)<\/li>\n<li><strong>\u00ab Le Microbiote \u00bb<\/strong> (S\u00e9bastien Jean, Kin\u00e9sith\u00e9rapeute, expert en analyse du microbiote intestinal, D.U.E Micronutrition Alimentation Pr\u00e9vention Sant\u00e9, et Audrey Lokiec, Naturopathe et Nutritionniste, membre de BANT et CNHC)<\/li>\n<li><strong>\u00ab Comment prendre en charge l\u2019infertilit\u00e9 \u2013 Un d\u00e9fi technique, psychologique et \u00e9thique \u00bb<\/strong> (Dr Emmanuelle d\u2019Argent, Gyn\u00e9cologue obst\u00e9tricienne, sp\u00e9cialis\u00e9e en m\u00e9decine de la reproduction, Consultant \u00e0 la Lister Fertility Clinic au Portland Hospital)<\/li>\n<li><strong>\u00ab Approche th\u00e9rapeutique des soins dentaires chez les enfants \u2013 Importance de l\u2019hygi\u00e8ne bucco-dentaire \u00bb<\/strong> et <strong>\u00ab Les troubles respiratoires et les apn\u00e9es obstructives du sommeil chez l\u2019adulte et l\u2019enfant \u00bb<\/strong> (Dr Deborah Phillips, Collaboratrice au French Dental Practice, sp\u00e9cialit\u00e9 en dentisterie p\u00e9diatrique, et Dr Marie Heintz, Chirurgien-dentiste et Orthodontiste au Medical Chambers Kensington)<\/li>\n<li><strong>\u00ab Cardiologie p\u00e9diatrique \u00bb<\/strong> (Dr Anne Griguer et Pr Alain Fress\u00e9)<\/li>\n<li><strong>\u00ab L\u2019hypnose \u2013 L\u2019art d\u2019utiliser un \u00e9tat modifi\u00e9 de conscience pour le mieux-\u00eatre et le soin \u00bb<\/strong> (Dr Denise Vohwinkel, Psychiatre pour enfants et adolescents, membre de la Soci\u00e9t\u00e9 Fran\u00e7aise d\u2019Hypnose, et Morgane Le Cleuyou, Th\u00e9rapeute et hypnoth\u00e9rapeute EFT-EMDR)<\/li>\n<li class=\"li1\"><span class=\"s3\">\u00ab<\/span><strong><span class=\"s4\"> Les jardins th\u00e9rapeutiques <\/span><\/strong><span class=\"s3\">\u00bb (diffusion du film\u00a0<\/span>BINETTES CONTRE ANXIOLYTIQUES\u00a0\u00a0de C\u00e9cile Favier. Discussion avec H\u00e9l\u00e8ne Guild, horticultural therapist pour THRIVE)<\/li>\n<li class=\"li1\">\u00ab <strong>Pr\u00e9parer de fa\u00e7on optimale un marathon sur les plans nutritionnel et musculaire<\/strong> <span class=\"s3\">\u00bb (Muriel Bouquier Ouziel nutritionniste\/pharmacienne et Mathilde Renard, kin\u00e9sith\u00e9rapeute)<\/span><\/li>\n<li>\u00ab <strong>Les nouvelles pand\u00e9mies, une approche historico-culturelle <\/strong><span class=\"s3\">\u00bb (Dr Lo\u00efc Lhopitallier, infectiologue et ancien chef de clinique universitaire)<\/span><\/li>\n<\/ul>\n<p>Francine Joyce&#8217;s coordination<\/p>\n<ul class=\"ul1\">\n<li><span class=\"s3\">\u00ab<\/span><span class=\"s4\"><i>\u00a0Apn\u00e9e du sommeil et ronflements\u00a0: du diagnostic \u00e0 la prise en charge\u00a0<\/i><\/span><span class=\"s3\">\u00bb<\/span><span class=\"s4\"><i>\u00a0<\/i><\/span><span class=\"s3\">(<\/span><span class=\"s4\"><b>Dr Martial Hemery,<\/b><\/span><span class=\"s3\"> chirurgien ORL, Londres et\u00a0<\/span><span class=\"s4\">Maisons-Laffitte<\/span><span class=\"s3\">)<\/span><\/li>\n<li class=\"li1\"><span class=\"s3\">\u00ab<\/span><span class=\"s4\"><i>\u00a0Vertiges et troubles de l\u2019\u00e9quilibre dans la pratique m\u00e9dicale quotidienne\u00a0<\/i><\/span><span class=\"s3\">\u00bb<\/span><span class=\"s4\"><i>\u00a0<\/i><\/span><span class=\"s3\">(<\/span><span class=\"s4\"><b>Dr Georges Fayad<\/b><\/span><span class=\"s1\"><b>, <\/b>Consultant ENT surgeon<\/span><span class=\"s4\">,<\/span><span class=\"s3\"> Harley St, Londres)<\/span><\/li>\n<li class=\"li1\"><span class=\"s3\">\u00ab<\/span><span class=\"s4\"><i>\u00a0Optimisation du potentiel neuro-psychomoteur en m\u00e9decine sportive\u00a0<\/i><\/span><span class=\"s3\">\u00bb<\/span><span class=\"s4\"><i>\u00a0<\/i><\/span><span class=\"s3\">(<\/span><span class=\"s4\"><b>Dr Marc Saramito,<\/b><\/span><span class=\"s3\"> m\u00e9decin du sport, Cannes)<\/span><\/li>\n<li class=\"li1\"><span class=\"s3\">\u00ab<\/span><span class=\"s4\"><i>\u00a0Du bon usage de l\u2019hypnose en m\u00e9decine et en psychoth\u00e9rapie\u00a0<\/i><\/span><span class=\"s3\">\u00bb<\/span><span class=\"s4\"><i>\u00a0<\/i><\/span><span class=\"s3\">(<\/span><span class=\"s4\"><b>Dr Victor Simon<\/b><\/span><span class=\"s3\">, gastroent\u00e9rologue, Paris)<\/span><\/li>\n<li class=\"li1\"><span class=\"s3\">\u00ab<\/span><span class=\"s4\"><i>\u00a0L\u2019anorexie mentale\u00a0<\/i><\/span><span class=\"s3\">\u00bb (<\/span><span class=\"s4\"><b>Dr Anne Drouet-Groff<\/b><\/span><span class=\"s1\"><b>,\u00a0<\/b>Consultant Psychiatrist<\/span><span class=\"s3\">,\u00a0<\/span><span class=\"s4\">Londres)<\/span><\/li>\n<li class=\"li2\"><span class=\"s4\">\u00ab<\/span><span class=\"s5\"><i>\u00a0L\u2019hydratation du sportif<\/i><\/span><span class=\"s4\">\u00a0\u00bb<\/span><span class=\"s5\"><i>\u00a0<\/i><\/span><span class=\"s4\">(<\/span><span class=\"s5\"><b>Francine Joyce<\/b><\/span><span class=\"s4\">, di\u00e9t\u00e9ticienne, DietConsulting, Londres)<\/span><\/li>\n<li class=\"li2\"><span class=\"s4\">\u00ab<\/span><span class=\"s5\"><i>\u00a0Chirurgie des tendinopathies\u00a0<\/i><\/span><span class=\"s4\">\u00bb (<\/span><span class=\"s5\"><b>Professor Nicola Maffuli<\/b><\/span><span class=\"s4\">, Consultant Orthopaedic Surgeon, Salerne, Italie)<\/span><\/li>\n<li class=\"li1\"><span class=\"s3\">\u00ab<\/span><span class=\"s4\"><i>\u00a0Dysfonctions \u00e9rectiles et endocrinologie\u00a0<\/i><\/span><span class=\"s3\">\u00bb (<\/span><span class=\"s4\"><b>Professor Pierre-Marc Bouloux<\/b><\/span><span class=\"s3\">, General\u00a0<\/span><span class=\"s4\">Medicine<\/span><span class=\"s3\">, Diabetes and Endocrinology, Londres)<\/span><\/li>\n<li class=\"li1\"><span class=\"s3\">\u00ab<\/span><span class=\"s4\"><i>\u00a0Traitement chirurgical du m\u00e9soth\u00e9liome\u00a0\u00bb\u00a0<\/i><\/span><span class=\"s3\">(<\/span><span class=\"s4\"><b>Professor Loic Lang-Lazdunski<\/b><\/span><span class=\"s3\">, Consultant Thoracic Surgeon, Londres)<\/span><\/li>\n<li class=\"li1\"><span class=\"s3\">\u00ab\u00a0<\/span><span class=\"s4\"><i>Peau et soleil, quoi de neuf\u00a0?\u00a0<\/i><\/span><span class=\"s3\">\u00bb<\/span><span class=\"s4\"><i>\u00a0<\/i><\/span><span class=\"s3\">(<\/span><span class=\"s4\"><b>Dr Sophie Bouvresse<\/b><\/span><span class=\"s3\">, dermatologue, Londres)<\/span><\/li>\n<li class=\"li1\"><span class=\"s3\">\u00ab<\/span><span class=\"s4\"><i>\u00a0L\u2019apport des neurosciences dans le d\u00e9pistage des troubles de l\u2019apprentissage<\/i><\/span><span class=\"s3\">\u00a0\u00bb<\/span><span class=\"s4\"><i>\u00a0<\/i><\/span><span class=\"s3\">(<\/span><span class=\"s4\"><b>Herv\u00e9 Glasel<\/b><\/span><span class=\"s3\">, fondateur du Cerene, Paris)<\/span><\/li>\n<li class=\"li1\"><span class=\"s3\">\u00ab<\/span><span class=\"s4\"><i>\u00a0L\u2019endom\u00e9triose en pratique en 2018\u00a0<\/i><\/span><span class=\"s3\">\u00bb<\/span><span class=\"s4\"><i>\u00a0<\/i><\/span><span class=\"s3\">(<\/span><span class=\"s4\"><b>Dr Christilla N\u00e9vi<\/b><\/span><span class=\"s3\">, gyn\u00e9cologue, Londres)<\/span><\/li>\n<li class=\"li1\"><span class=\"s3\">\u00ab\u00a0<\/span><span class=\"s4\"><i>Douleur de l\u2019\u00e9paule, comment l\u2019approcher\u00a0?<\/i><\/span><span class=\"s3\">\u00bb<\/span><span class=\"s4\"><i>\u00a0<\/i><\/span><span class=\"s3\">(<\/span><span class=\"s4\"><b>Dr Carlos Cobiella<\/b><\/span><span class=\"s3\">, Consultant\u00a0<\/span><span class=\"s4\">Orthopaedic<\/span><span class=\"s3\">Surgeon<\/span><span class=\"s1\"><b>,<\/b><\/span><span class=\"s3\">\u00a0Londres)<\/span><\/li>\n<li class=\"li1\"><span class=\"s3\">\u00ab<\/span><span class=\"s4\"><i>\u00a0Prolapsus et traitements de l\u2019incontinence\u00a0urinaire<\/i><\/span><span class=\"s3\">\u00a0\u00bb (<\/span><span class=\"s4\"><b>Dr Brice Rodriguez<\/b><\/span><span class=\"s3\">, Consultant\u00a0<\/span><span class=\"s4\">in<\/span><span class=\"s3\">\u00a0Obstetrics and Gynecology, Preston)<\/span><\/li>\n<li class=\"li1\"><span class=\"s3\">\u00ab<\/span><span class=\"s4\"><i>\u00a0Du poison au traitement\u00a0: 30 ans de toxine botulique en neurologie \u00bb\u00a0<\/i><\/span><span class=\"s3\">(<\/span><span class=\"s4\"><b>Dr Marie-H\u00e9l\u00e8ne Marion<\/b><\/span><span class=\"s3\">, Consultant\u00a0<\/span><span class=\"s4\">Neurologist<\/span><span class=\"s3\">, Londres)<\/span><\/li>\n<li><span class=\"s3\">\u00ab<\/span><span class=\"s4\"><i>\u00a0Dyspn\u00e9e\u00a0: l\u2019asthme n\u2019est pas la seule cause\u00a0<\/i><\/span><span class=\"s3\">\u00bb<\/span><span class=\"s4\"><i>\u00a0<\/i><\/span><span class=\"s3\">(<\/span><span class=\"s4\"><b>Dr Isabelle Roussin<\/b><\/span><span class=\"s3\">, Consultant Cardiologist<\/span><span class=\"s1\"><b>,\u00a0<\/b><\/span><span class=\"s3\">Londres)<\/span><\/li>\n<li class=\"li1\"><span class=\"s3\">\u00ab <\/span><i><span lang=\"FR\">Urgences \u00e0 Londres &#8211; un point sur la situation actuelle et sur les options pour mieux man\u0153uvrer le syst\u00e8me <span class=\"s4\"> \u00bb <\/span><\/span><\/i><span lang=\"FR\">(<b>Dr Mathilde Konczynski<\/b>, M\u00e9decin Hospitalier au NHS, Directeur Clinique du Medicare Fran\u00e7ais et ost\u00e9opathe, <span class=\"s3\">Londres<\/span>)<\/span><\/li>\n<\/ul>\n<\/li>\n<\/ul>\n<p>[\/vc_column_text][\/vc_column][\/vc_row][vc_row][vc_column][vc_zigzag][\/vc_column][\/vc_row][vc_row][vc_column][cms_heading layout_mode=&#8221;2&#8243; text=&#8221;Our members&#8221; add_icon=&#8221;&#8221;][vc_row_inner][vc_column_inner width=&#8221;2\/3&#8243;][vc_column_text css=&#8221;.vc_custom_1586125501929{padding-top: 60px !important;}&#8221;]The Soci\u00e9t\u00e9 Clinique Fran\u00e7aise welcomes all health professionals (GPs, specialists, consultants, paramedics) who wish to:<\/p>\n<ul>\n<li>Attend medical or paramedical conferences in French and thus update their knowledge and interact with colleagues.<\/li>\n<li>Meet colleagues, old and new, in a friendly environment.<\/li>\n<\/ul>\n<p>[\/vc_column_text][\/vc_column_inner][vc_column_inner width=&#8221;1\/3&#8243;][vc_gallery type=&#8221;flexslider_slide&#8221; interval=&#8221;3&#8243; images=&#8221;5089,5086,5083&#8243;][\/vc_column_inner][\/vc_row_inner][vc_zigzag][\/vc_column][\/vc_row][vc_row][vc_column][cms_heading layout_mode=&#8221;2&#8243; text=&#8221;Short history&#8221; add_icon=&#8221;&#8221;][vc_column_text]The Soci\u00e9t\u00e9 Clinique Fran\u00e7aise was founded in 1976 by Mr Brian Pickard (1922-2018) ENT Surgeon, FRCS and Dr Cecil Symons (1921-1987) MD, FRCP Cardiologist.<\/p>\n<p>At the beginning, the aim was to give conferences in French to British doctors who loved the language and to promote exchanges with French health professionals.<\/p>\n<p>With time, the Soci\u00e9t\u00e9 Clinique Fran\u00e7aise has become a platform for the French medical community in London to meet and share experiences, but it never lost its first objective to promote Franco-British friendly and medical exchanges.<\/p>\n<p>In 2022, Dr Caroline Ponvert, Dr Zo\u00e9 Bellamy and Dr Sophie Flammarion become coordinators of the SCF.[\/vc_column_text][\/vc_column][vc_column][vc_zigzag][\/vc_column][\/vc_row][vc_row][vc_column][cms_heading layout_mode=&#8221;2&#8243; text=&#8221;Our partners and Sponsors&#8221; add_icon=&#8221;&#8221;][vc_column_text]<img decoding=\"async\" class=\"aligncenter wp-image-6957 \" src=\"https:\/\/www.df-sfb.org.uk\/wp-content\/uploads\/2022\/06\/CeraVe_Global_Logo_285.png\" alt=\"\" width=\"196\" height=\"70\" srcset=\"https:\/\/www.df-sfb.org.uk\/wp-content\/uploads\/2022\/06\/CeraVe_Global_Logo_285.png 1200w, https:\/\/www.df-sfb.org.uk\/wp-content\/uploads\/2022\/06\/CeraVe_Global_Logo_285-768x273.png 768w, https:\/\/www.df-sfb.org.uk\/wp-content\/uploads\/2022\/06\/CeraVe_Global_Logo_285-1170x426.png 1170w\" sizes=\"(max-width: 196px) 100vw, 196px\" \/><\/p>\n<p><img decoding=\"async\" class=\"wp-image-6959 aligncenter\" src=\"https:\/\/www.df-sfb.org.uk\/wp-content\/uploads\/2022\/06\/LRP-RETAIL-LOGO-WHITE-1.jpg\" alt=\"\" width=\"285\" height=\"73\" srcset=\"https:\/\/www.df-sfb.org.uk\/wp-content\/uploads\/2022\/06\/LRP-RETAIL-LOGO-WHITE-1.jpg 1200w, https:\/\/www.df-sfb.org.uk\/wp-content\/uploads\/2022\/06\/LRP-RETAIL-LOGO-WHITE-1-768x197.jpg 768w\" sizes=\"(max-width: 285px) 100vw, 285px\" \/><\/p>\n<p><img decoding=\"async\" class=\"wp-image-6961 aligncenter\" src=\"https:\/\/www.df-sfb.org.uk\/wp-content\/uploads\/2022\/06\/Vichy_PNG_2015.png\" alt=\"\" width=\"205\" height=\"59\" srcset=\"https:\/\/www.df-sfb.org.uk\/wp-content\/uploads\/2022\/06\/Vichy_PNG_2015.png 979w, https:\/\/www.df-sfb.org.uk\/wp-content\/uploads\/2022\/06\/Vichy_PNG_2015-768x222.png 768w\" sizes=\"(max-width: 205px) 100vw, 205px\" \/>[\/vc_column_text][\/vc_column][vc_column][vc_zigzag][\/vc_column][\/vc_row][vc_row][vc_column][cms_heading layout_mode=&#8221;2&#8243; text=&#8221;Membership&#8221; add_icon=&#8221;&#8221;][vc_column_text]<a href=\"https:\/\/www.df-sfb.org.uk\/wp-content\/uploads\/2022\/02\/Membership-Soc.-Clinique-2022-1.doc\">Click here for the membership form<\/a>[\/vc_column_text][\/vc_column][vc_column][\/vc_column][\/vc_row]<\/p>\n","protected":false},"excerpt":{"rendered":"<p>[vc_row][vc_column][cms_heading layout_mode=&#8221;2&#8243; text=&#8221;Our action&#8221; add_icon=&#8221;&#8221;][vc_row_inner][vc_column_inner width=&#8221;1\/4&#8243;][vc_single_image image=&#8221;5280&#8243; alignment=&#8221;center&#8221;][\/vc_column_inner][vc_column_inner width=&#8221;3\/4&#8243;][vc_column_text] The Soci\u00e9t\u00e9 Clinique Fran\u00e7aise organises professional meetings and academic conferences for the francophone medical community. It is a medical society ran by the Dispensaire Fran\u00e7ais. The wide ranging topics (gynaecology, surgery, orthopedics, general medicine, nutrition, pediatrics\u2026) attract all health professionals whatever their specialty. Through meetings like [&hellip;]<\/p>\n","protected":false},"author":1,"featured_media":0,"parent":0,"menu_order":0,"comment_status":"closed","ping_status":"closed","template":"","meta":{"footnotes":""},"class_list":["post-5976","page","type-page","status-publish","hentry"],"_links":{"self":[{"href":"https:\/\/www.df-sfb.org.uk\/en\/wp-json\/wp\/v2\/pages\/5976","targetHints":{"allow":["GET"]}}],"collection":[{"href":"https:\/\/www.df-sfb.org.uk\/en\/wp-json\/wp\/v2\/pages"}],"about":[{"href":"https:\/\/www.df-sfb.org.uk\/en\/wp-json\/wp\/v2\/types\/page"}],"author":[{"embeddable":true,"href":"https:\/\/www.df-sfb.org.uk\/en\/wp-json\/wp\/v2\/users\/1"}],"replies":[{"embeddable":true,"href":"https:\/\/www.df-sfb.org.uk\/en\/wp-json\/wp\/v2\/comments?post=5976"}],"version-history":[{"count":32,"href":"https:\/\/www.df-sfb.org.uk\/en\/wp-json\/wp\/v2\/pages\/5976\/revisions"}],"predecessor-version":[{"id":7738,"href":"https:\/\/www.df-sfb.org.uk\/en\/wp-json\/wp\/v2\/pages\/5976\/revisions\/7738"}],"wp:attachment":[{"href":"https:\/\/www.df-sfb.org.uk\/en\/wp-json\/wp\/v2\/media?parent=5976"}],"curies":[{"name":"wp","href":"https:\/\/api.w.org\/{rel}","templated":true}]}}