{"id":5968,"date":"2020-08-28T18:14:13","date_gmt":"2020-08-28T17:14:13","guid":{"rendered":"https:\/\/www.df-sfb.org.uk\/find-us\/"},"modified":"2020-10-02T14:55:41","modified_gmt":"2020-10-02T13:55:41","slug":"find-us","status":"publish","type":"page","link":"https:\/\/www.df-sfb.org.uk\/en\/find-us\/","title":{"rendered":"Find us"},"content":{"rendered":"<p>[vc_row][vc_column][vc_column_text]<\/p>\n<p>Dispensaire Fran\u00e7ais-Soci\u00e9t\u00e9 Fran\u00e7aise de Bienfaisance is based in Central London and easily accessible by bus or tube.<\/p>\n<p><span class=\"s1\">\u00a0<\/span><\/p>\n<p>[\/vc_column_text][\/vc_column][\/vc_row][vc_row][vc_column width=&#8221;1\/2&#8243;][vc_column_text]<\/p>\n<h2 class=\"p3\"><span class=\"s1\">Address<\/span><\/h2>\n<p class=\"p3\" style=\"padding-left: 40px;\"><span class=\"s1\">184 Hammersmith Road<br \/>\nLondon W6 7DJ<\/span><\/p>\n<p style=\"padding-left: 40px;\"><a href=\"https:\/\/maps.google.com\/maps?ll=51.493334,-0.220338&amp;z=16&amp;t=m&amp;hl=en&amp;gl=DE&amp;mapclient=embed&amp;daddr=Le%2520Dispensaire%2520Francais%2520-%2520Soci%25C3%25A9t%25C3%25A9%2520Fran%25C3%25A7aise%2520de%2520Bienfaisance%2520184%2520Hammersmith%2520Rd%2520Hammersmith%252C%2520London%2520W6%25207DJ%2520United%2520Kingdom@51.4933336,-0.2203384\">Click here to plan your itinerary via Google Maps.<\/a><\/p>\n<p>&nbsp;[\/vc_column_text][vc_separator][vc_column_text]<\/p>\n<h2>Public Transports<\/h2>\n<p class=\"p3\" style=\"padding-left: 40px;\"><span class=\"s1\">Tube : Circle, Hammersmith and City, District et Piccadilly Lines<\/span><\/p>\n<p class=\"p3\" style=\"padding-left: 40px;\"><span class=\"s1\">Bus\u00a0: 9, 23, 27, 28, 72, 190, 211, 220, 266, 267, 283, 295, 391, 533, H91<\/span><\/p>\n<p style=\"padding-left: 40px;\"><a href=\"https:\/\/tfl.gov.uk\/plan-a-journey\/\">Click here to plan your itinerary via Transport For London.<\/a><\/p>\n<p>&nbsp;[\/vc_column_text][\/vc_column][vc_column width=&#8221;1\/2&#8243;][vc_gmaps link=&#8221;#E-8_JTNDaWZyYW1lJTIwc3JjJTNEJTIyaHR0cHMlM0ElMkYlMkZ3d3cuZ29vZ2xlLmNvbSUyRm1hcHMlMkZlbWJlZCUzRnBiJTNEJTIxMW0xOCUyMTFtMTIlMjExbTMlMjExZDI0ODQuMDgzNTg2OTI5MjU3MyUyMTJkLTAuMjIyNTI3MDgzODY5NjA0MTMlMjEzZDUxLjQ5MzMzMzU3OTYzMjcyJTIxMm0zJTIxMWYwJTIxMmYwJTIxM2YwJTIxM20yJTIxMWkxMDI0JTIxMmk3NjglMjE0ZjEzLjElMjEzbTMlMjExbTIlMjExczB4NDg3NjBmYjg3MDgxOWI4MSUyNTNBMHgxY2RlNGFlMDUzMWNkYzQzJTIxMnNMZSUyNTIwRGlzcGVuc2FpcmUlMjUyMEZyYW5jYWlzJTI1MjAtJTI1MjBTb2NpJTI1QzMlMjVBOXQlMjVDMyUyNUE5JTI1MjBGcmFuJTI1QzMlMjVBN2Fpc2UlMjUyMGRlJTI1MjBCaWVuZmFpc2FuY2UlMjE1ZTAlMjEzbTIlMjExc2VuJTIxMnNkZSUyMTR2MTU4NjEwNTg1OTU2NiUyMTVtMiUyMTFzZW4lMjEyc2RlJTIyJTIwd2lkdGglM0QlMjI2MDAlMjIlMjBoZWlnaHQlM0QlMjI0NTAlMjIlMjBmcmFtZWJvcmRlciUzRCUyMjAlMjIlMjBzdHlsZSUzRCUyMmJvcmRlciUzQTAlM0IlMjIlMjBhbGxvd2Z1bGxzY3JlZW4lM0QlMjIlMjIlMjBhcmlhLWhpZGRlbiUzRCUyMmZhbHNlJTIyJTIwdGFiaW5kZXglM0QlMjIwJTIyJTNFJTNDJTJGaWZyYW1lJTNF&#8221; css_animation=&#8221;fadeIn&#8221;][\/vc_column][\/vc_row]<\/p>\n","protected":false},"excerpt":{"rendered":"<p>[vc_row][vc_column][vc_column_text] Dispensaire Fran\u00e7ais-Soci\u00e9t\u00e9 Fran\u00e7aise de Bienfaisance is based in Central London and easily accessible by bus or tube. \u00a0 [\/vc_column_text][\/vc_column][\/vc_row][vc_row][vc_column width=&#8221;1\/2&#8243;][vc_column_text] Address 184 Hammersmith Road London W6 7DJ Click here to plan your itinerary via Google Maps. &nbsp;[\/vc_column_text][vc_separator][vc_column_text] Public Transports Tube : Circle, Hammersmith and City, District et Piccadilly Lines Bus\u00a0: 9, 23, 27, 28, [&hellip;]<\/p>\n","protected":false},"author":1,"featured_media":0,"parent":0,"menu_order":0,"comment_status":"closed","ping_status":"closed","template":"","meta":{"footnotes":""},"class_list":["post-5968","page","type-page","status-publish","hentry"],"_links":{"self":[{"href":"https:\/\/www.df-sfb.org.uk\/en\/wp-json\/wp\/v2\/pages\/5968","targetHints":{"allow":["GET"]}}],"collection":[{"href":"https:\/\/www.df-sfb.org.uk\/en\/wp-json\/wp\/v2\/pages"}],"about":[{"href":"https:\/\/www.df-sfb.org.uk\/en\/wp-json\/wp\/v2\/types\/page"}],"author":[{"embeddable":true,"href":"https:\/\/www.df-sfb.org.uk\/en\/wp-json\/wp\/v2\/users\/1"}],"replies":[{"embeddable":true,"href":"https:\/\/www.df-sfb.org.uk\/en\/wp-json\/wp\/v2\/comments?post=5968"}],"version-history":[{"count":7,"href":"https:\/\/www.df-sfb.org.uk\/en\/wp-json\/wp\/v2\/pages\/5968\/revisions"}],"predecessor-version":[{"id":6290,"href":"https:\/\/www.df-sfb.org.uk\/en\/wp-json\/wp\/v2\/pages\/5968\/revisions\/6290"}],"wp:attachment":[{"href":"https:\/\/www.df-sfb.org.uk\/en\/wp-json\/wp\/v2\/media?parent=5968"}],"curies":[{"name":"wp","href":"https:\/\/api.w.org\/{rel}","templated":true}]}}