{"id":5918,"date":"2020-08-28T17:58:33","date_gmt":"2020-08-28T16:58:33","guid":{"rendered":"https:\/\/www.df-sfb.org.uk\/make-a-donation\/"},"modified":"2025-11-26T14:55:02","modified_gmt":"2025-11-26T14:55:02","slug":"make-a-donation","status":"publish","type":"page","link":"https:\/\/www.df-sfb.org.uk\/en\/make-a-donation\/","title":{"rendered":"Make a donation"},"content":{"rendered":"\t\t<div data-elementor-type=\"wp-page\" data-elementor-id=\"5918\" class=\"elementor elementor-5918 elementor-1136\">\n\t\t\t\t\t\t<section class=\"elementor-section elementor-top-section elementor-element elementor-element-1b2ee1af elementor-section-boxed elementor-section-height-default elementor-section-height-default\" data-id=\"1b2ee1af\" data-element_type=\"section\" data-e-type=\"section\">\n\t\t\t\t\t\t<div class=\"elementor-container elementor-column-gap-default\">\n\t\t\t\t\t<div class=\"elementor-column elementor-col-100 elementor-top-column elementor-element elementor-element-37964ef1\" data-id=\"37964ef1\" data-element_type=\"column\" data-e-type=\"column\">\n\t\t\t<div class=\"elementor-widget-wrap elementor-element-populated\">\n\t\t\t\t\t\t<div class=\"elementor-element elementor-element-11c3771d elementor-widget elementor-widget-text-editor\" data-id=\"11c3771d\" data-element_type=\"widget\" data-e-type=\"widget\" data-widget_type=\"text-editor.default\">\n\t\t\t\t<div class=\"elementor-widget-container\">\n\t\t\t\t\t\t\t\t\t<p>[vc_row][vc_column][vc_column_text]Le Dispensaire Fran\u00e7ais- Soci\u00e9t\u00e9 Fran\u00e7aise de Bienfaisance is a registered charity which depends primarily on donations from &nbsp;individuals, companies, and other charities, on grants from the French government and on the income from its portfolio.<\/p>\n<p>Company Limited by Guarantee no 6470940 \/ Registered Charity no 1125579[\/vc_column_text][\/vc_column][vc_column][cms_heading text=&#8221;Become a friend of the Dispensaire Francais- Soci\u00e9t\u00e9 Fran\u00e7aise de Bienfaisance when you make a donation&#8221; add_icon=&#8221;&#8221;][vc_column_text]<\/p>\n<p>Become a friend of the Dispensaire Francais- Soci\u00e9t\u00e9 Fran\u00e7aise de Bienfaisance when you make a donation.<\/p>\n<p>Thanks to your donation to the Dispensaire, our volunteers can work, day after day, to help French speakers going through difficult times in the UK.<\/p>\n<p>What can your donation provide?<\/p>\n<ul>\n<li>\u00a325 = 2 meals for a homeless person<\/li><li>\u00a350 = average price for a laboratory test for a patient not registered with the NHS<\/li><li>\u00a360 = average cost for managing the care of a patient at the Dispensaire<\/li><li>\u00a3250 = an emergency scan&nbsp;<\/li>\n<\/ul>\n<p>Donations by individuals are part of the Gift Aid scheme.<\/p>\n<p>To contribute to the action of the Dispensaire Fran\u00e7ais &#8211; Soci\u00e9t\u00e9 Fran\u00e7aise de Bienfaisance please send your donation via <a href=\"https:\/\/buy.stripe.com\/test_28E00jfOt5it1ZOfwKgw000\">our secure page<\/a><\/p>\n<p>[\/vc_column_text][vc_single_image image=&#8221;7746&#8243; img_size=&#8221;large&#8221; alignment=&#8221;center&#8221;][\/vc_column][\/vc_row][vc_row full_width=&#8221;stretch_row&#8221; css=&#8221;.vc_custom_1589825411234{background-color: #176b85 !important;}&#8221;][vc_column offset=&#8221;vc_col-lg-6 vc_col-md-6&#8243; css=&#8221;.vc_custom_1498120174938{padding-top: 37px !important;padding-bottom: 37px !important;}&#8221; el_class=&#8221;text-sm-center&#8221;][vc_custom_heading text=&#8221;Donate today&#8221; font_container=&#8221;tag:h3|font_size:40px|text_align:left|color:%23ffffff&#8221; google_fonts=&#8221;font_family:Roboto%3A100%2C100italic%2C300%2C300italic%2Cregular%2Citalic%2C500%2C500italic%2C700%2C700italic%2C900%2C900italic|font_style:100%20light%20regular%3A100%3Anormal&#8221; css=&#8221;.vc_custom_1601645479517{margin-top: 0px !important;margin-bottom: 0px !important;}&#8221;][\/vc_column][vc_column el_class=&#8221;text-md-right text-sm-center&#8221; offset=&#8221;vc_col-lg-6 vc_col-md-6&#8243; css=&#8221;.vc_custom_1498119272744{padding-top: 37px !important;padding-bottom: 37px !important;}&#8221;][cms_button btn_type=&#8221;btn btn-primary&#8221; button_link=&#8221;url:http%3A%2F%2Fdev.joomexp.com%2Fwordpress%2Fsp-charityplus5%2F%3Fpage_id%3D57|title:Become%20a%20Volunteer||&#8221; values=&#8221;%5B%7B%22btn_type%22%3A%22btn%20btn-white%20btn-alt%22%2C%22button_link%22%3A%22url%3Ahttps%253A%252F%252Fbuy.stripe.com%252Ftest_28E00jfOt5it1ZOfwKgw000%7Ctitle%3AMake%2520a%2520donation%7C%7C%22%7D%5D&#8221;][\/vc_column][\/vc_row]<\/p>\t\t\t\t\t\t\t\t<\/div>\n\t\t\t\t<\/div>\n\t\t\t\t\t<\/div>\n\t\t<\/div>\n\t\t\t\t\t<\/div>\n\t\t<\/section>\n\t\t\t\t<\/div>\n\t\t","protected":false},"excerpt":{"rendered":"<p>[vc_row][vc_column][vc_column_text]Le Dispensaire Fran\u00e7ais- Soci\u00e9t\u00e9 Fran\u00e7aise de Bienfaisance is a registered charity which depends primarily on donations from &nbsp;individuals, companies, and other charities, on grants from the French government and on the income from its portfolio. Company Limited by Guarantee no 6470940 \/ Registered Charity no 1125579[\/vc_column_text][\/vc_column][vc_column][cms_heading text=&#8221;Become a friend of the Dispensaire Francais- Soci\u00e9t\u00e9 Fran\u00e7aise [&hellip;]<\/p>\n","protected":false},"author":1,"featured_media":0,"parent":0,"menu_order":0,"comment_status":"closed","ping_status":"closed","template":"","meta":{"footnotes":""},"class_list":["post-5918","page","type-page","status-publish","hentry"],"_links":{"self":[{"href":"https:\/\/www.df-sfb.org.uk\/en\/wp-json\/wp\/v2\/pages\/5918","targetHints":{"allow":["GET"]}}],"collection":[{"href":"https:\/\/www.df-sfb.org.uk\/en\/wp-json\/wp\/v2\/pages"}],"about":[{"href":"https:\/\/www.df-sfb.org.uk\/en\/wp-json\/wp\/v2\/types\/page"}],"author":[{"embeddable":true,"href":"https:\/\/www.df-sfb.org.uk\/en\/wp-json\/wp\/v2\/users\/1"}],"replies":[{"embeddable":true,"href":"https:\/\/www.df-sfb.org.uk\/en\/wp-json\/wp\/v2\/comments?post=5918"}],"version-history":[{"count":26,"href":"https:\/\/www.df-sfb.org.uk\/en\/wp-json\/wp\/v2\/pages\/5918\/revisions"}],"predecessor-version":[{"id":7879,"href":"https:\/\/www.df-sfb.org.uk\/en\/wp-json\/wp\/v2\/pages\/5918\/revisions\/7879"}],"wp:attachment":[{"href":"https:\/\/www.df-sfb.org.uk\/en\/wp-json\/wp\/v2\/media?parent=5918"}],"curies":[{"name":"wp","href":"https:\/\/api.w.org\/{rel}","templated":true}]}}