{"id":5906,"date":"2020-08-28T17:57:28","date_gmt":"2020-08-28T16:57:28","guid":{"rendered":"https:\/\/www.df-sfb.org.uk\/become-a-partner\/"},"modified":"2026-02-02T10:03:20","modified_gmt":"2026-02-02T10:03:20","slug":"become-a-partner","status":"publish","type":"page","link":"https:\/\/www.df-sfb.org.uk\/en\/become-a-partner\/","title":{"rendered":"Become a partner"},"content":{"rendered":"\t\t<div data-elementor-type=\"wp-page\" data-elementor-id=\"5906\" class=\"elementor elementor-5906 elementor-1132\">\n\t\t\t\t\t\t<section class=\"elementor-section elementor-top-section elementor-element elementor-element-52694350 elementor-section-boxed elementor-section-height-default elementor-section-height-default\" data-id=\"52694350\" data-element_type=\"section\" data-e-type=\"section\">\n\t\t\t\t\t\t<div class=\"elementor-container elementor-column-gap-default\">\n\t\t\t\t\t<div class=\"elementor-column elementor-col-100 elementor-top-column elementor-element elementor-element-68e56762\" data-id=\"68e56762\" data-element_type=\"column\" data-e-type=\"column\">\n\t\t\t<div class=\"elementor-widget-wrap elementor-element-populated\">\n\t\t\t\t\t\t<div class=\"elementor-element elementor-element-548ef7d elementor-widget elementor-widget-text-editor\" data-id=\"548ef7d\" data-element_type=\"widget\" data-e-type=\"widget\" data-widget_type=\"text-editor.default\">\n\t\t\t\t<div class=\"elementor-widget-container\">\n\t\t\t\t\t\t\t\t\t<p>[vc_row][vc_column][vc_column_text]For more than 150 years, le Dispensaire Fran\u00e7ais- Soci\u00e9t\u00e9 Fran\u00e7aise de Bienfaisance has been a registered charity whose actions are possible thanks to the donations of individuals, companies, other charities, a grant from the French government and the income from its portfolio.<\/p><p>Company Limited by Guarantee no 6470940 \/ Registered Charity no 1125579[\/vc_column_text][vc_zigzag][\/vc_column][vc_column][cms_heading layout_mode=&#8221;2&#8243; text=&#8221;Work with us by becoming a sponsor&#8221; add_icon=&#8221;&#8221;][vc_column_text]<span lang=\"EN-GB\">Your company can work with us by becoming a sponsor of the Dispensaire.<\/span><\/p><p>Would you like your company to engage in a social commitment and work alongside the Dispensaire? By becoming a partner, you share our values of solidarity and mutual assistance. These meaningful values are also shared with your personnel, your investors and your clients.<\/p><p>You team up with a strong partner, present for decades alongside French and French speakers in the UK and share our successes.[\/vc_column_text][vc_separator][\/vc_column][vc_column][vc_column_text]Depending on the amount of your donation, we can:<\/p><ul><li>Give a room in the Dispensaire your name or the name of your company<\/li><li>Display your companies\u2019 name on a board at the Dispensaire.<\/li><li>Mention your company on the website of the Dispensaire Fran\u00e7ais &#8211; Soci\u00e9t\u00e9 Fran\u00e7aise de Bienfaisance and during our events.<\/li><\/ul><p>All corporate donations are tax deductible. Donations from individuals are part of the Gift Aid scheme and eligible to Payroll Giving Schemes such as Give as You Earn (GAYE).[\/vc_column_text][\/vc_column][vc_column][vc_zigzag][\/vc_column][vc_column][cms_heading layout_mode=&#8221;2&#8243; text=&#8221;How to become a partner ?&#8221; add_icon=&#8221;&#8221;][vc_column_text]To become a partner, contact the manager of the Dispensaire : by email <a href=\"mailto:manager@df-sfb.org.uk\">manager@df-sfb.org.uk<\/a>\u00a0 or telephone 020 8222 8822.<\/p><p class=\"p1\"><span class=\"s1\">\u00a0<\/span><\/p><p>\u00a0[\/vc_column_text][vc_zigzag][\/vc_column][vc_column][cms_heading layout_mode=&#8221;2&#8243; text=&#8221;Our partners and sponsors&#8221; add_icon=&#8221;&#8221;][vc_row_inner css=&#8221;.vc_custom_1586120679909{margin-top: 30px !important;}&#8221;][vc_column_inner width=&#8221;1\/3&#8243;][vc_column_text]<\/p><p class=\"p1\" style=\"text-align: center;\"><span class=\"s1\">Banque Transatlantique<\/span><\/p><p class=\"p1\" style=\"text-align: center;\"><span class=\"s1\">BIODERMA<\/span><\/p><p class=\"p1\" style=\"text-align: center;\"><span class=\"s1\">BNP Paribas<\/span><\/p><p class=\"p2\" style=\"text-align: center;\"><span class=\"s2\"><a href=\"http:\/\/www.fafgb.org\/\">FAFGB<\/a><\/span><\/p><p style=\"text-align: center;\">French Huguenot Church<\/p><p>\u00a0[\/vc_column_text][\/vc_column_inner][vc_column_inner width=&#8221;1\/3&#8243;][vc_column_text]<\/p><p style=\"text-align: center;\">H2O Asset Management<\/p><p style=\"text-align: center;\">International SOS<\/p><p style=\"text-align: center;\">Justice au C\u0153ur<\/p><p style=\"text-align: center;\">La Cave \u00e0 Fromage<\/p><p>\u00a0[\/vc_column_text][\/vc_column_inner][vc_column_inner width=&#8221;1\/3&#8243;][vc_column_text]<\/p><p style=\"text-align: center;\">London Catalyst<\/p><p style=\"text-align: center;\">Londres Accueil<\/p><p style=\"text-align: center;\">Mazars<\/p><p style=\"text-align: center;\">NATIXIS<\/p><p>\u00a0[\/vc_column_text][\/vc_column_inner][\/vc_row_inner][\/vc_column][\/vc_row][vc_row full_width=&#8221;stretch_row&#8221; css=&#8221;.vc_custom_1589825411234{background-color: #176b85 !important;}&#8221;][vc_column offset=&#8221;vc_col-lg-6 vc_col-md-6&#8243; css=&#8221;.vc_custom_1498120174938{padding-top: 37px !important;padding-bottom: 37px !important;}&#8221; el_class=&#8221;text-sm-center&#8221;][vc_custom_heading text=&#8221;Working with us&#8221; font_container=&#8221;tag:h3|font_size:40px|text_align:left|color:%23ffffff&#8221; google_fonts=&#8221;font_family:Roboto%3A100%2C100italic%2C300%2C300italic%2Cregular%2Citalic%2C500%2C500italic%2C700%2C700italic%2C900%2C900italic|font_style:100%20light%20regular%3A100%3Anormal&#8221; css=&#8221;.vc_custom_1601645807959{margin-top: 0px !important;margin-bottom: 0px !important;}&#8221;][\/vc_column][vc_column el_class=&#8221;text-md-right text-sm-center&#8221; offset=&#8221;vc_col-lg-6 vc_col-md-6&#8243; css=&#8221;.vc_custom_1498119272744{padding-top: 37px !important;padding-bottom: 37px !important;}&#8221;][cms_button btn_type=&#8221;btn btn-primary&#8221; button_link=&#8221;url:http%3A%2F%2Fdev.joomexp.com%2Fwordpress%2Fsp-charityplus5%2F%3Fpage_id%3D57|title:Become%20a%20Volunteer||&#8221; values=&#8221;%5B%7B%22btn_type%22%3A%22btn%20btn-white%20btn-alt%22%2C%22button_link%22%3A%22url%3A%252Ffr%252Ffaire-un-don%252F%7Ctitle%3AFaire%2520un%2520don%7C%7C%22%7D%5D&#8221;][\/vc_column][\/vc_row]<\/p>\t\t\t\t\t\t\t\t<\/div>\n\t\t\t\t<\/div>\n\t\t\t\t\t<\/div>\n\t\t<\/div>\n\t\t\t\t\t<\/div>\n\t\t<\/section>\n\t\t\t\t<\/div>\n\t\t","protected":false},"excerpt":{"rendered":"<p>[vc_row][vc_column][vc_column_text]For more than 150 years, le Dispensaire Fran\u00e7ais- Soci\u00e9t\u00e9 Fran\u00e7aise de Bienfaisance has been a registered charity whose actions are possible thanks to the donations of individuals, companies, other charities, a grant from the French government and the income from its portfolio. Company Limited by Guarantee no 6470940 \/ Registered Charity no 1125579[\/vc_column_text][vc_zigzag][\/vc_column][vc_column][cms_heading layout_mode=&#8221;2&#8243; text=&#8221;Work [&hellip;]<\/p>\n","protected":false},"author":1,"featured_media":0,"parent":0,"menu_order":0,"comment_status":"closed","ping_status":"closed","template":"","meta":{"footnotes":""},"class_list":["post-5906","page","type-page","status-publish","hentry"],"_links":{"self":[{"href":"https:\/\/www.df-sfb.org.uk\/en\/wp-json\/wp\/v2\/pages\/5906","targetHints":{"allow":["GET"]}}],"collection":[{"href":"https:\/\/www.df-sfb.org.uk\/en\/wp-json\/wp\/v2\/pages"}],"about":[{"href":"https:\/\/www.df-sfb.org.uk\/en\/wp-json\/wp\/v2\/types\/page"}],"author":[{"embeddable":true,"href":"https:\/\/www.df-sfb.org.uk\/en\/wp-json\/wp\/v2\/users\/1"}],"replies":[{"embeddable":true,"href":"https:\/\/www.df-sfb.org.uk\/en\/wp-json\/wp\/v2\/comments?post=5906"}],"version-history":[{"count":13,"href":"https:\/\/www.df-sfb.org.uk\/en\/wp-json\/wp\/v2\/pages\/5906\/revisions"}],"predecessor-version":[{"id":7935,"href":"https:\/\/www.df-sfb.org.uk\/en\/wp-json\/wp\/v2\/pages\/5906\/revisions\/7935"}],"wp:attachment":[{"href":"https:\/\/www.df-sfb.org.uk\/en\/wp-json\/wp\/v2\/media?parent=5906"}],"curies":[{"name":"wp","href":"https:\/\/api.w.org\/{rel}","templated":true}]}}